{"id":918,"date":"2023-11-15T00:15:34","date_gmt":"2023-11-14T23:15:34","guid":{"rendered":"https:\/\/diyps.catolica.edu.sv\/investiga\/?page_id=918"},"modified":"2024-04-12T06:25:57","modified_gmt":"2024-04-12T04:25:57","slug":"facultad-de-ciencias-de-la-salud","status":"publish","type":"page","link":"https:\/\/diyps.catolica.edu.sv\/investiga\/facultad-de-ciencias-de-la-salud\/","title":{"rendered":"Facultad de Ciencias de la Salud"},"content":{"rendered":"\t\t<div data-elementor-type=\"wp-page\" data-elementor-id=\"918\" class=\"elementor elementor-918\">\n\t\t\t\t\t\t\t<div class=\"elementor-element elementor-element-46fa664 e-con-full e-flex e-con e-parent\" data-id=\"46fa664\" data-element_type=\"container\" data-settings=\"{&quot;content_width&quot;:&quot;full&quot;}\" data-core-v316-plus=\"true\">\n\t\t\t\t<div class=\"elementor-element elementor-element-55a0bbc elementor-widget elementor-widget-html\" data-id=\"55a0bbc\" data-element_type=\"widget\" data-widget_type=\"html.default\">\n\t\t\t\t<div class=\"elementor-widget-container\">\n\t\t\t<!DOCTYPE html>\r\n<html lang=\"es\">\r\n    <head>\r\n        <meta charset=\"utf-8\">\r\n        <meta name=\"viewport\" content=\"width=device-width, initial-scale=1\">\r\n        <link rel=\"preconnect\" href=\"https:\/\/fonts.googleapis.com\">\r\n        <link rel=\"preconnect\" href=\"https:\/\/fonts.gstatic.com\" crossorigin>\r\n        \r\n        <link href=\"https:\/\/cdn.jsdelivr.net\/npm\/bootstrap@5.3.2\/dist\/css\/bootstrap.min.css\" rel=\"stylesheet\" integrity=\"sha384-T3c6CoIi6uLrA9TneNEoa7RxnatzjcDSCmG1MXxSR1GAsXEV\/Dwwykc2MPK8M2HN\" crossorigin=\"anonymous\">\r\n        \r\n        <link rel=\"stylesheet\" href=\"https:\/\/cdnjs.cloudflare.com\/ajax\/libs\/fancybox\/3.5.7\/jquery.fancybox.min.css\" \/>\r\n        <script src=\"https:\/\/code.jquery.com\/jquery-3.6.0.min.js\"><\/script>\r\n        <script src=\"https:\/\/cdnjs.cloudflare.com\/ajax\/libs\/fancybox\/3.5.7\/jquery.fancybox.min.js\"><\/script>\r\n\r\n    <style>\r\n    header {\r\n      background-color: #fff;\r\n      color: #000;\r\n    }\r\n\r\n    ul.navbar {\r\n      list-style-type: none;\r\n      margin: 0;\r\n      padding: 0;\r\n      display: flex;\r\n    }\r\n\r\n    ul.navbar li {\r\n      margin: 0;\r\n      padding: 0;\r\n    }\r\n    ul.navbar li a {\r\n      display: block;\r\n      padding: 20px 20px;\r\n      text-decoration: none;\r\n      color: #000;\r\n      transition: background-color 0.3s, color 0.3s;\r\n    }\r\n\r\n    ul.navbar li a:hover {\r\n      background-color: #fff;\r\n      color: #9d2721;\r\n    }\r\n\r\n    ul.submenu {\r\n      display: none;\r\n      background-color: #9d2721;\r\n      position: absolute;\r\n      list-style: none;\r\n      margin: 0;\r\n      padding: 0;\r\n    }\r\n\r\n    ul.navbar li:hover ul.submenu {\r\n      display: block;\r\n    }\r\n    ul.submenu li {\r\n      margin: 0;\r\n      padding: 0;\r\n    }\r\n\r\n    ul.submenu li a {\r\n      padding: 10px 20px;\r\n      display: block;\r\n      color: #fff;\r\n      text-decoration: none;\r\n      transition: background-color 0.3s, color 0.3s;\r\n    }\r\n    ul.submenu li a:hover {\r\n      background-color: #fff;\r\n      color: #9d2721;\r\n    }\r\n    .navbarContainer{\r\n        margin: 30px 0px 30px 0px;\r\n        margin-left: auto; \r\n        margin-right: 100px;\r\n    }\r\n    .decorativeShape {\r\n        font-size: 30pt;\r\n        position: relative;\r\n        z-index: -1;\r\n        display: inline-block;\r\n        padding: 15px 60px;\r\n        border-radius: 100px;\r\n        background-color: #971C1F;\r\n        color: white;\r\n        font-weight: bold;\r\n    }\r\n    \r\n    <\/style>\r\n    <\/head>\r\n    <body>\r\n        <section style=\"font-family: 'Montserrat', sans-serif;\">\r\n            <section>\r\n                <div class=\"d-flex\">\r\n                    <div> \r\n                        <a href=\"https:\/\/diyps.catolica.edu.sv\/investiga\/\"><img decoding=\"async\" src=\"https:\/\/diyps.catolica.edu.sv\/investiga\/wp-content\/uploads\/2023\/10\/UNICAES_Logo2.png\" style=\"width: 290px; margin: 30px 50px 30px 50px;\"><\/a>\r\n                    <\/div>\r\n                    <div class=\"navbarContainer\">\r\n                        <ul class=\"navbar\">\r\n                            <li><a href=\"https:\/\/diyps.catolica.edu.sv\/investiga\/nosotros\/\">Nosotros<\/a><\/li>\r\n                            <li>\r\n                            <a href=\"https:\/\/diyps.catolica.edu.sv\/investiga\/investigacion\/\">Investigaci\u00f3n<\/a>\r\n                                <ul class=\"submenu\">\r\n                                            <li><a href=\"https:\/\/diyps.catolica.edu.sv\/investiga\/areas-de-los-docentes-investigadores\/\">Docentes investigadores<\/a><\/li>\r\n                                            <li><a href=\"https:\/\/diyps.catolica.edu.sv\/investiga\/facultades\/\">Facultades<\/a><\/li>\r\n                                            <li><a href=\"https:\/\/diyps.catolica.edu.sv\/investiga\/sello-editorial\/\">Editorial<\/a><\/li>\r\n                                <\/ul>\r\n                            <\/li>\r\n                            <li>\r\n                                <a href=\"https:\/\/diyps.catolica.edu.sv\/investiga\/proyeccion-social\/\">Proyecci\u00f3n Social<\/a>\r\n                                <ul class=\"submenu\">\r\n                                    <li><a href=\"https:\/\/diyps.catolica.edu.sv\/investiga\/modalidades\/\">Modalidades<\/a><\/li>\r\n                                    <li><a href=\"https:\/\/diyps.catolica.edu.sv\/investiga\/un-compromiso-con-la-sociedad\/\">Proyectos<\/a><\/li>\r\n                                <\/ul>\r\n                            <\/li>\r\n                            <li><a href=\"https:\/\/diyps.catolica.edu.sv\/investiga\/contacto\/\">Contacto<\/a><\/li>\r\n                        <\/ul>\r\n                    <\/div>\r\n                <\/div>\r\n            <\/section>\r\n            <section class=\"\">\r\n                <div class=\"container text-center align-items-center justify-content-center mt-5\">\r\n                    <div class=\"decorativeShape m-5\">Facultad de Ciencias de la Salud<\/div>\r\n                <\/div>\r\n                <div><p class=\"display-5 fw-bold ms-5 me-5 border-bottom border-2\" style=\"color: #971c1f; font-family: 'Montserrat ExtraBold', sans-serif\">2023<\/p><\/div>\r\n                <div class=\"container-fluid d-flex mt-4 justify-content-center\">\r\n                    <div class=\"container m-3\">\r\n                        <a href=\"https:\/\/diyps.catolica.edu.sv\/investiga\/wp-content\/uploads\/2023\/11\/poster-SALUD-01-scaled.jpg\" data-fancybox=\"gallery\"> <!--IMAGEN REAL-->\r\n                        <img decoding=\"async\" src=\"https:\/\/diyps.catolica.edu.sv\/investiga\/wp-content\/uploads\/2023\/11\/poster-SALUD-01-scaled.jpg\"> <!--IMAGEN DE EJEMPLO A MOSTRAR-->\r\n                        <\/a>\r\n                    <\/div>\r\n                    <div class=\"container m-3\">\r\n                        <a href=\"https:\/\/diyps.catolica.edu.sv\/investiga\/wp-content\/uploads\/2023\/11\/poster-SALUD-02-scaled.jpg\" data-fancybox=\"gallery\"> <!--IMAGEN REAL-->\r\n                        <img decoding=\"async\" src=\"https:\/\/diyps.catolica.edu.sv\/investiga\/wp-content\/uploads\/2023\/11\/poster-SALUD-02-scaled.jpg\"> <!--IMAGEN DE EJEMPLO A MOSTRAR-->\r\n                        <\/a>\r\n                    <\/div>\r\n                    <div class=\"container m-3\">\r\n                        <a href=\"https:\/\/diyps.catolica.edu.sv\/investiga\/wp-content\/uploads\/2023\/11\/poster-SALUD-03-scaled.jpg\" data-fancybox=\"gallery\"> <!--IMAGEN REAL-->\r\n                        <img decoding=\"async\" src=\"https:\/\/diyps.catolica.edu.sv\/investiga\/wp-content\/uploads\/2023\/11\/poster-SALUD-03-scaled.jpg\"> <!--IMAGEN DE EJEMPLO A MOSTRAR-->\r\n                        <\/a>\r\n                    <\/div>\r\n                <\/div>\r\n                <div class=\"container-fluid d-flex mt-4 justify-content-center\">\r\n                    <div class=\"container m-3\">\r\n                        <a href=\"https:\/\/diyps.catolica.edu.sv\/investiga\/wp-content\/uploads\/2023\/11\/poster-SALUD-04-scaled.jpg\" data-fancybox=\"gallery\"> <!--IMAGEN REAL-->\r\n                        <img decoding=\"async\" src=\"https:\/\/diyps.catolica.edu.sv\/investiga\/wp-content\/uploads\/2023\/11\/poster-SALUD-04-scaled.jpg\"> <!--IMAGEN DE EJEMPLO A MOSTRAR-->\r\n                        <\/a>\r\n                    <\/div>\r\n                    <div class=\"container m-3\">\r\n                        <a href=\"https:\/\/diyps.catolica.edu.sv\/investiga\/wp-content\/uploads\/2023\/11\/poster-SALUD-05-scaled.jpg\" data-fancybox=\"gallery\"> <!--IMAGEN REAL-->\r\n                         <img decoding=\"async\" src=\"https:\/\/diyps.catolica.edu.sv\/investiga\/wp-content\/uploads\/2023\/11\/poster-SALUD-05-scaled.jpg\"> <!--IMAGEN DE EJEMPLO A MOSTRAR-->\r\n                    <\/a>\r\n                    <\/div>\r\n                    <div class=\"container m-3\">\r\n                        <a href=\"https:\/\/diyps.catolica.edu.sv\/investiga\/wp-content\/uploads\/2023\/11\/poster-SALUD-06-scaled.jpg\" data-fancybox=\"gallery\"> <!--IMAGEN REAL-->\r\n                        <img decoding=\"async\" src=\"https:\/\/diyps.catolica.edu.sv\/investiga\/wp-content\/uploads\/2023\/11\/poster-SALUD-06-scaled.jpg\"> <!--IMAGEN DE EJEMPLO A MOSTRAR-->\r\n                        <\/a>\r\n                    <\/div>\r\n                <\/div>\r\n            <\/section>\r\n            <section>\r\n                <div class=\"d-flex p-1 mt-5\" style=\"font-size: 11.4pt; background-color:#971C1F;\">\r\n                    <div class=\"p-2\">\r\n                        <a style=\"color: white;\" href=\"https:\/\/catolica.edu.sv\/\" target=\"_blank\" rel=\"noopener\">UNICAES<\/a>\r\n                    <\/div>\r\n                    <div class=\"p-2\">\r\n                        <a style=\"color: white;\" href=\"https:\/\/diyps.catolica.edu.sv\/investiga\/politica-privacidad\/\" target=\"_blank\" rel=\"noopener\">Pol\u00edticas<\/a>\r\n                    <\/div>\r\n                    <div class=\"p-2\">\r\n                        <a style=\"color: white;\" href=\"https:\/\/bibliotecaunicaes.catolica.edu.sv\/\" target=\"_blank\" rel=\"noopener\">Biblioteca Miguel de Cervantes<\/a>\r\n                    <\/div>\r\n                <\/div>\r\n            <\/section>\r\n        <\/section>\r\n        \r\n        <script src=\"https:\/\/cdn.jsdelivr.net\/npm\/bootstrap@5.3.2\/dist\/js\/bootstrap.bundle.min.js\" integrity=\"sha384-C6RzsynM9kWDrMNeT87bh95OGNyZPhcTNXj1NW7RuBCsyN\/o0jlpcV8Qyq46cDfL\" crossorigin=\"anonymous\"><\/script>\r\n        <script src=\"https:\/\/cdn.jsdelivr.net\/npm\/@popperjs\/core@2.11.8\/dist\/umd\/popper.min.js\" integrity=\"sha384-I7E8VVD\/ismYTF4hNIPjVp\/Zjvgyol6VFvRkX\/vR+Vc4jQkC+hVqc2pM8ODewa9r\" crossorigin=\"anonymous\"><\/script>\r\n        <script src=\"https:\/\/cdn.jsdelivr.net\/npm\/bootstrap@5.3.2\/dist\/js\/bootstrap.min.js\" integrity=\"sha384-BBtl+eGJRgqQAUMxJ7pMwbEyER4l1g+O15P+16Ep7Q9Q+zqX6gSbd85u4mG4QzX+\" crossorigin=\"anonymous\"><\/script>\r\n    <\/body>\r\n<\/html>\t\t<\/div>\n\t\t\t\t<\/div>\n\t\t\t\t<\/div>\n\t\t\t\t\t\t\t<\/div>\n\t\t","protected":false},"excerpt":{"rendered":"<p>Nosotros Investigaci\u00f3n Docentes investigadores Facultades Editorial Proyecci\u00f3n Social Modalidades Proyectos Contacto Facultad de Ciencias de la Salud 2023 UNICAES Pol\u00edticas Biblioteca Miguel de Cervantes<\/p>\n","protected":false},"author":2,"featured_media":0,"parent":0,"menu_order":0,"comment_status":"closed","ping_status":"closed","template":"elementor_canvas","meta":{"footnotes":""},"class_list":["post-918","page","type-page","status-publish","hentry"],"_links":{"self":[{"href":"https:\/\/diyps.catolica.edu.sv\/investiga\/wp-json\/wp\/v2\/pages\/918","targetHints":{"allow":["GET"]}}],"collection":[{"href":"https:\/\/diyps.catolica.edu.sv\/investiga\/wp-json\/wp\/v2\/pages"}],"about":[{"href":"https:\/\/diyps.catolica.edu.sv\/investiga\/wp-json\/wp\/v2\/types\/page"}],"author":[{"embeddable":true,"href":"https:\/\/diyps.catolica.edu.sv\/investiga\/wp-json\/wp\/v2\/users\/2"}],"replies":[{"embeddable":true,"href":"https:\/\/diyps.catolica.edu.sv\/investiga\/wp-json\/wp\/v2\/comments?post=918"}],"version-history":[{"count":63,"href":"https:\/\/diyps.catolica.edu.sv\/investiga\/wp-json\/wp\/v2\/pages\/918\/revisions"}],"predecessor-version":[{"id":3356,"href":"https:\/\/diyps.catolica.edu.sv\/investiga\/wp-json\/wp\/v2\/pages\/918\/revisions\/3356"}],"wp:attachment":[{"href":"https:\/\/diyps.catolica.edu.sv\/investiga\/wp-json\/wp\/v2\/media?parent=918"}],"curies":[{"name":"wp","href":"https:\/\/api.w.org\/{rel}","templated":true}]}}