{"id":839,"date":"2023-11-14T09:34:32","date_gmt":"2023-11-14T08:34:32","guid":{"rendered":"https:\/\/diyps.catolica.edu.sv\/investiga\/?page_id=839"},"modified":"2024-04-12T06:34:38","modified_gmt":"2024-04-12T04:34:38","slug":"facultades","status":"publish","type":"page","link":"https:\/\/diyps.catolica.edu.sv\/investiga\/facultades\/","title":{"rendered":"Facultades"},"content":{"rendered":"\t\t<div data-elementor-type=\"wp-page\" data-elementor-id=\"839\" class=\"elementor elementor-839\">\n\t\t\t\t\t\t\t<div class=\"elementor-element elementor-element-1e2719e e-con-full e-flex e-con e-parent\" data-id=\"1e2719e\" data-element_type=\"container\" data-settings=\"{&quot;content_width&quot;:&quot;full&quot;,&quot;animation&quot;:&quot;none&quot;}\" data-core-v316-plus=\"true\">\n\t\t\t\t<div class=\"elementor-element elementor-element-3bfa2aa elementor-widget elementor-widget-html\" data-id=\"3bfa2aa\" data-element_type=\"widget\" data-widget_type=\"html.default\">\n\t\t\t\t<div class=\"elementor-widget-container\">\n\t\t\t<!DOCTYPE html>\r\n<html lang=\"es\">\r\n    <head>\r\n        <meta charset=\"utf-8\">\r\n        <meta name=\"viewport\" content=\"width=device-width, initial-scale=1\">\r\n        <link href=\"https:\/\/cdn.jsdelivr.net\/npm\/bootstrap@5.3.2\/dist\/css\/bootstrap.min.css\" rel=\"stylesheet\" integrity=\"sha384-T3c6CoIi6uLrA9TneNEoa7RxnatzjcDSCmG1MXxSR1GAsXEV\/Dwwykc2MPK8M2HN\" crossorigin=\"anonymous\">\r\n        <link rel=\"preconnect\" href=\"https:\/\/fonts.googleapis.com\">\r\n        <link rel=\"preconnect\" href=\"https:\/\/fonts.gstatic.com\" crossorigin>\r\n    <style>\r\n    body{\r\n        font-family: 'Montserrat Medium', sans-serif;\r\n    }\r\n    header {\r\n      background-color: #fff;\r\n      color: #000;\r\n    }\r\n\r\n    ul.navbar {\r\n      list-style-type: none;\r\n      margin: 0;\r\n      padding: 0;\r\n      display: flex;\r\n    }\r\n\r\n    ul.navbar li {\r\n      margin: 0;\r\n      padding: 0;\r\n    }\r\n    ul.navbar li a {\r\n      display: block;\r\n      padding: 20px 20px;\r\n      text-decoration: none;\r\n      color: #000;\r\n      transition: background-color 0.3s, color 0.3s;\r\n    }\r\n\r\n    ul.navbar li a:hover {\r\n      background-color: #fff;\r\n      color: #9d2721;\r\n    }\r\n\r\n    ul.submenu {\r\n      display: none;\r\n      background-color: #9d2721;\r\n      position: absolute;\r\n      list-style: none;\r\n      margin: 0;\r\n      padding: 0;\r\n    }\r\n\r\n    ul.navbar li:hover ul.submenu {\r\n      display: block;\r\n    }\r\n    ul.submenu li {\r\n      margin: 0;\r\n      padding: 0;\r\n    }\r\n\r\n    ul.submenu li a {\r\n      padding: 10px 20px;\r\n      display: block;\r\n      color: #fff;\r\n      text-decoration: none;\r\n      transition: background-color 0.3s, color 0.3s;\r\n    }\r\n    ul.submenu li a:hover {\r\n      background-color: #fff;\r\n      color: #9d2721;\r\n    }\r\n    .navbarContainer{\r\n        margin: 30px 0px 30px 0px;\r\n        margin-left: auto; \r\n        margin-right: 100px;\r\n    }\r\n    .btn-design{\r\n        color:white;\r\n        font-size: x-large;\r\n        font-family: 'Montserrat ExtraBold', Sans-Serif;\r\n        background-color: #9d2721;\r\n        width: 100%;\r\n        height: 80px;\r\n        transition: background-color 0.5s;\r\n    }\r\n    .btn-design:active {\r\n      background-color: white !important;\r\n      opacity: 0.9 !important;\r\n      color: #9d2721 !important;\r\n      border: transparent !important;\r\n    }\r\n    <\/style>\r\n    <\/head>\r\n    <body>\r\n        <section>\r\n            <div class=\"d-flex\">\r\n                <div> \r\n                    <a href=\"https:\/\/diyps.catolica.edu.sv\/investiga\/\"><img decoding=\"async\" src=\"https:\/\/diyps.catolica.edu.sv\/investiga\/wp-content\/uploads\/2023\/10\/UNICAES_Logo2.png\" style=\"width: 290px; margin: 30px 50px 30px 50px;\"><\/a>\r\n                <\/div>\r\n                <div class=\"navbarContainer\">\r\n                    <ul class=\"navbar\">\r\n                        <li><a href=\"https:\/\/diyps.catolica.edu.sv\/investiga\/nosotros\/\">Nosotros<\/a><\/li>\r\n                        <li>\r\n                        <a href=\"https:\/\/diyps.catolica.edu.sv\/investiga\/investigacion\/\">Investigaci\u00f3n<\/a>\r\n                            <ul class=\"submenu\">\r\n                                            <li><a href=\"https:\/\/diyps.catolica.edu.sv\/investiga\/areas-de-los-docentes-investigadores\/\">Docentes investigadores<\/a><\/li>\r\n                                            <li><a href=\"https:\/\/diyps.catolica.edu.sv\/investiga\/facultades\/\">Facultades<\/a><\/li>\r\n                                            <li><a href=\"https:\/\/diyps.catolica.edu.sv\/investiga\/sello-editorial\/\">Editorial<\/a><\/li>\r\n                                <\/ul>\r\n                        <\/li>\r\n                        <li>\r\n                            <a href=\"https:\/\/diyps.catolica.edu.sv\/investiga\/proyeccion-social\/\">Proyecci\u00f3n Social<\/a>\r\n                            <ul class=\"submenu\">\r\n                                <li><a href=\"https:\/\/diyps.catolica.edu.sv\/investiga\/modalidades\/\">Modalidades<\/a><\/li>\r\n                                <li><a href=\"https:\/\/diyps.catolica.edu.sv\/investiga\/un-compromiso-con-la-sociedad\/\">Proyectos<\/a><\/li>\r\n                            <\/ul>\r\n                        <\/li>\r\n                        <li><a href=\"https:\/\/diyps.catolica.edu.sv\/investiga\/contacto\/\">Contacto<\/a><\/li>\r\n                    <\/ul>\r\n                <\/div>\r\n            <\/div>\r\n        <\/section>\r\n        <section>\r\n            <div class=\"pt-4 pb-5 \">\r\n                <div class=\"container text-center justify-content-center align-items-center pb-5\" style=\"font-family: 'Montserrat ExtraBold', sans-serif;\">\r\n                    <h2 class=\"display-4\">ESTUDIANTES INVESTIGADORES<\/h2>\r\n                <\/div>\r\n                <div class=\"container d-flex justify-content-center align-items-center\">\r\n                    <div class=\"container\">\r\n                        <img decoding=\"async\" src=\"https:\/\/diyps.catolica.edu.sv\/investiga\/wp-content\/uploads\/2023\/12\/banner5.jpg\" style=\"height:600px;\">\r\n                    <\/div>\r\n                    <div class=\"container\">\r\n                        <a type=\"button\" class=\"btn btn-design rounded-pill m-3 pt-3\" href=\"https:\/\/diyps.catolica.edu.sv\/investiga\/facultad-de-ingenieria-y-arquitectura\/\">Facultad de Ingenier\u00eda y Arquitectura<\/a>\r\n                        <!--<a type=\"button\" class=\"btn btn-design rounded-pill m-3 pt-3\" href=\"#\">Facultad de Ciencias Empresariales<\/a>-->\r\n                        <a type=\"button\" class=\"btn btn-design rounded-pill m-3 pt-3\" href=\"https:\/\/diyps.catolica.edu.sv\/investiga\/facultad-de-ciencias-y-humanidades\/\">Facultad de Ciencias y Humanidades<\/a>\r\n                        <a type=\"button\" class=\"btn btn-design rounded-pill m-3 pt-3\" href=\"https:\/\/diyps.catolica.edu.sv\/investiga\/facultad-de-ciencias-de-la-salud\/\">Facultad de Ciencias de la Salud<\/a>\r\n                        <!--<a type=\"button\" class=\"btn btn-design rounded-pill m-3 pt-3\" href=\"#\">Facultad Multidisciplinaria de Ilobasco<\/a>-->\r\n                    <\/div>\r\n                <\/div>\r\n            <\/div>\r\n        <\/section>\r\n        <footer style=\"font-family: 'Montserrat', sans-serif;\">\r\n                <div class=\"d-flex p-1\" style=\"font-size: 11.4pt; background-color:#971C1F;\">\r\n                    <div class=\"p-2\">\r\n                        <a style=\"color: white;\" href=\"https:\/\/catolica.edu.sv\/\" target=\"_blank\" rel=\"noopener\">UNICAES<\/a>\r\n                    <\/div>\r\n                    <div class=\"p-2\">\r\n                        <a style=\"color: white;\" href=\"https:\/\/diyps.catolica.edu.sv\/investiga\/politica-privacidad\/\" target=\"_blank\" rel=\"noopener\">Pol\u00edticas<\/a>\r\n                    <\/div>\r\n                    <div class=\"p-2\">\r\n                        <a style=\"color: white;\" href=\"https:\/\/bibliotecaunicaes.catolica.edu.sv\/\" target=\"_blank\" rel=\"noopener\">Biblioteca Miguel de Cervantes<\/a>\r\n                    <\/div>\r\n                <\/div>\r\n            <\/footer>\r\n        \r\n        \r\n        \r\n        \r\n        <script src=\"https:\/\/cdn.jsdelivr.net\/npm\/bootstrap@5.3.2\/dist\/js\/bootstrap.bundle.min.js\" integrity=\"sha384-C6RzsynM9kWDrMNeT87bh95OGNyZPhcTNXj1NW7RuBCsyN\/o0jlpcV8Qyq46cDfL\" crossorigin=\"anonymous\"><\/script>\r\n        <script src=\"https:\/\/cdn.jsdelivr.net\/npm\/@popperjs\/core@2.11.8\/dist\/umd\/popper.min.js\" integrity=\"sha384-I7E8VVD\/ismYTF4hNIPjVp\/Zjvgyol6VFvRkX\/vR+Vc4jQkC+hVqc2pM8ODewa9r\" crossorigin=\"anonymous\"><\/script>\r\n        <script src=\"https:\/\/cdn.jsdelivr.net\/npm\/bootstrap@5.3.2\/dist\/js\/bootstrap.min.js\" integrity=\"sha384-BBtl+eGJRgqQAUMxJ7pMwbEyER4l1g+O15P+16Ep7Q9Q+zqX6gSbd85u4mG4QzX+\" crossorigin=\"anonymous\"><\/script>\r\n    <\/body>\r\n<\/html>\t\t<\/div>\n\t\t\t\t<\/div>\n\t\t\t\t<\/div>\n\t\t\t\t\t\t\t<\/div>\n\t\t","protected":false},"excerpt":{"rendered":"<p>Nosotros Investigaci\u00f3n Docentes investigadores Facultades Editorial Proyecci\u00f3n Social Modalidades Proyectos Contacto ESTUDIANTES INVESTIGADORES Facultad de Ingenier\u00eda y Arquitectura Facultad de Ciencias y Humanidades Facultad de Ciencias de la Salud UNICAES Pol\u00edticas Biblioteca Miguel de Cervantes<\/p>\n","protected":false},"author":2,"featured_media":0,"parent":0,"menu_order":0,"comment_status":"closed","ping_status":"closed","template":"elementor_canvas","meta":{"footnotes":""},"class_list":["post-839","page","type-page","status-publish","hentry"],"_links":{"self":[{"href":"https:\/\/diyps.catolica.edu.sv\/investiga\/wp-json\/wp\/v2\/pages\/839","targetHints":{"allow":["GET"]}}],"collection":[{"href":"https:\/\/diyps.catolica.edu.sv\/investiga\/wp-json\/wp\/v2\/pages"}],"about":[{"href":"https:\/\/diyps.catolica.edu.sv\/investiga\/wp-json\/wp\/v2\/types\/page"}],"author":[{"embeddable":true,"href":"https:\/\/diyps.catolica.edu.sv\/investiga\/wp-json\/wp\/v2\/users\/2"}],"replies":[{"embeddable":true,"href":"https:\/\/diyps.catolica.edu.sv\/investiga\/wp-json\/wp\/v2\/comments?post=839"}],"version-history":[{"count":75,"href":"https:\/\/diyps.catolica.edu.sv\/investiga\/wp-json\/wp\/v2\/pages\/839\/revisions"}],"predecessor-version":[{"id":3374,"href":"https:\/\/diyps.catolica.edu.sv\/investiga\/wp-json\/wp\/v2\/pages\/839\/revisions\/3374"}],"wp:attachment":[{"href":"https:\/\/diyps.catolica.edu.sv\/investiga\/wp-json\/wp\/v2\/media?parent=839"}],"curies":[{"name":"wp","href":"https:\/\/api.w.org\/{rel}","templated":true}]}}