{"id":3723,"date":"2024-04-14T06:48:25","date_gmt":"2024-04-14T04:48:25","guid":{"rendered":"https:\/\/diyps.catolica.edu.sv\/investiga\/?page_id=3723"},"modified":"2024-05-07T22:07:35","modified_gmt":"2024-05-07T20:07:35","slug":"repositorio-empresa-y-sociedad-2021","status":"publish","type":"page","link":"https:\/\/diyps.catolica.edu.sv\/investiga\/repositorio-empresa-y-sociedad-2021\/","title":{"rendered":"Repositorio Empresa y Sociedad 2021"},"content":{"rendered":"\t\t<div data-elementor-type=\"wp-page\" data-elementor-id=\"3723\" class=\"elementor elementor-3723\">\n\t\t\t\t\t\t\t<div class=\"elementor-element elementor-element-849fbe0 e-con-full e-flex e-con e-parent\" data-id=\"849fbe0\" data-element_type=\"container\" data-settings=\"{&quot;content_width&quot;:&quot;full&quot;}\" data-core-v316-plus=\"true\">\n\t\t\t\t<div class=\"elementor-element elementor-element-4016218 elementor-widget elementor-widget-html\" data-id=\"4016218\" data-element_type=\"widget\" data-widget_type=\"html.default\">\n\t\t\t\t<div class=\"elementor-widget-container\">\n\t\t\t<!DOCTYPE html>\n<html lang=\"es\">\n    <head>\n        <meta charset=\"utf-8\">\n        <meta name=\"viewport\" content=\"width=device-width, initial-scale=1\">\n        <link rel=\"preconnect\" href=\"https:\/\/fonts.googleapis.com\">\n        <link rel=\"preconnect\" href=\"https:\/\/fonts.gstatic.com\" crossorigin>\n        \n        <link href=\"https:\/\/cdn.jsdelivr.net\/npm\/bootstrap@5.3.2\/dist\/css\/bootstrap.min.css\" rel=\"stylesheet\" integrity=\"sha384-T3c6CoIi6uLrA9TneNEoa7RxnatzjcDSCmG1MXxSR1GAsXEV\/Dwwykc2MPK8M2HN\" crossorigin=\"anonymous\">\n        <link rel=\"stylesheet\" href=\"https:\/\/cdn.jsdelivr.net\/npm\/bootstrap-icons@1.11.3\/font\/bootstrap-icons.min.css\">\n    <style>\n    header {\n      background-color: transparent;\n      color: #000;\n    }\n\n    ul.navbar {\n      list-style-type: none;\n      margin: 0;\n      padding: 0;\n      display: flex;\n    }\n\n    ul.navbar li {\n      margin: 0;\n      padding: 0;\n    }\n    ul.navbar li a {\n      display: block;\n      padding: 20px 20px;\n      text-decoration: none;\n      color: #fff;\n      transition: background-color 0.3s, color 0.3s;\n    }\n\n    ul.navbar li a:hover {\n      background-color: transparent;\n      color: #b26062;\n    }\n\n    ul.submenu {\n      display: none;\n      background-color: #9d2721;\n      position: absolute;\n      list-style: none;\n      margin: 0;\n      padding: 0;\n    }\n\n    ul.navbar li:hover ul.submenu {\n      display: block;\n    }\n    ul.submenu li {\n      margin: 0;\n      padding: 0;\n    }\n\n    ul.submenu li a {\n      padding: 10px 20px;\n      display: block;\n      color: #fff;\n      text-decoration: none;\n      transition: background-color 0.3s, color 0.3s;\n    }\n    ul.submenu li a:hover {\n      background-color: #fff;\n      color: #9d2721;\n    }\n    .navbarContainer{\n        margin: 30px 0px 30px 0px;\n        margin-left: auto; \n        margin-right: 100px;\n    }\n    .customLink{\n        color: #9d2721;\n    }\n    \n    .customLink:hover{\n        color: #212529;\n    }\n    <\/style>\n    <\/head>\n    <body>\n        <section style=\"font-family: 'Montserrat Medium', sans-serif;\">\n            <section style=\"background-color: #781113\">\n                <div class=\"d-flex\">\n                    <div> \n                        <a href=\"https:\/\/diyps.catolica.edu.sv\/investiga\/\"><img decoding=\"async\" src=\"https:\/\/diyps.catolica.edu.sv\/investiga\/wp-content\/uploads\/2023\/11\/UNICAES_Logo3.png\" style=\"width: 290px; margin: 30px 50px;\"><\/a>\n                    <\/div>\n                    <div class=\"navbarContainer\">\n                        <ul class=\"navbar\">\n                            <li><a href=\"https:\/\/diyps.catolica.edu.sv\/investiga\/nosotros\/\">Nosotros<\/a><\/li>\n                            <li>\n                            <a href=\"https:\/\/diyps.catolica.edu.sv\/investiga\/investigacion\/\">Investigaci\u00f3n<\/a>\n                                <ul class=\"submenu\">\n                                            <li><a href=\"https:\/\/diyps.catolica.edu.sv\/investiga\/areas-de-los-docentes-investigadores\/\">Docentes investigadores<\/a><\/li>\n                                            <li><a href=\"https:\/\/diyps.catolica.edu.sv\/investiga\/facultades\/\">Facultades<\/a><\/li>\n                                            <li><a href=\"https:\/\/diyps.catolica.edu.sv\/investiga\/sello-editorial\/\">Editorial<\/a><\/li>\n                                <\/ul>\n                            <\/li>\n                            <li>\n                                <a href=\"https:\/\/diyps.catolica.edu.sv\/investiga\/proyeccion-social\/\">Proyecci\u00f3n Social<\/a>\n                                <ul class=\"submenu\">\n                                    <li><a href=\"https:\/\/diyps.catolica.edu.sv\/investiga\/modalidades\/\">Modalidades<\/a><\/li>\n                                    <li><a href=\"https:\/\/diyps.catolica.edu.sv\/investiga\/un-compromiso-con-la-sociedad\/\">Proyectos<\/a><\/li>\n                                <\/ul>\n                            <\/li>\n                            <li><a href=\"https:\/\/diyps.catolica.edu.sv\/investiga\/contacto\/\">Contacto<\/a><\/li>\n                        <\/ul>\n                    <\/div>\n                <\/div>\n            <\/section>\n            <section style=\"background-color: #9d2721\">\n                <div class=\"container text-center align-items-center p-3\">\n                    <h1 class=\"display-5\" style=\"color: white; font-family: 'Montserrat black', Sans-Serif;\">EMPRESA Y SOCIEDAD<\/h1>\n                <\/div>\n            <\/section>\n            <section>\n                <div class=\"container\">\n                  <div class=\"row\">\n                    <div class=\"col-2\">\n                      \n                    <\/div>\n                    <div class=\"col-8\">\n                        <div class=\"container border-start border-end border-bottom pb-5\">\n                            <div class=\"container d-flex pt-4 pb-4\">\n                                <div class=\"container col-5\">\n                                    <img decoding=\"async\" style=\"width: 100%;\" src=\"https:\/\/diyps.catolica.edu.sv\/investiga\/wp-content\/uploads\/2023\/11\/Logo_EYS.jpg\">\n                                <\/div>\n                                <div class=\"container\">\n                                    <p style=\"text-align: justify;\">\n                                    <!-- DESCRIPCI\u00d3N DE EYS-->\n                                    <\/p>\n                                <\/div>\n                            <\/div>\n                            <div class=\"container pt-3 pb-3\" style=\"font-family: 'Montserrat SemiBold', sans-serif;\">\n                                <h5 style=\"color: #9d2721;\">N\u00famero actual<\/h5>\n                            <\/div>\n                            <div class=\"container\"> \n                                <p><span style=\"font-weight: bold;\">Vol 3 N\u00fam. 1 (2021-2022)<\/span><\/p>\n                            <\/div>\n                                <div class=\"container d-flex\">\n                                    <img decoding=\"async\" src=\"https:\/\/diyps.catolica.edu.sv\/investiga\/wp-content\/uploads\/2024\/05\/PastaES-2-copia.png\" style=\"width: 25%;\">\n                                    <p class=\"p-4\"><span style=\"font-weight: bold;\">Publicado: <\/span>2022<\/p>\n                                <\/div>\n                        <\/div>\n                        <div class=\"container border-start border-end border-bottom pt-5 pb-5\">\n                            <div class=\"container\">\n                                <p><span style=\"color: #9d2721; font-family: 'Montserrat SemiBold'\">Comit\u00e9 de Arbitraje Vol 3<\/span><\/p>\n                                <a href=\"\" type=\"button\" class=\"btn btn-outline-dark\" target=\"_blank\"><i class=\"bi bi-file-earmark-pdf\"><\/i> PDF<\/a>\n                            <\/div>\n                        <\/div>\n                        <div class=\"container border-start border-end pt-5\">\n                                <div class=\"container text-center\"><p>ART\u00cdCULOS<\/p><\/div>\n                                <div class=\"container pt-3\">\n                                    <p><span style=\"color: #9d2721; font-family: 'Montserrat SemiBold'\">Modelos de almacenamiento digital centralizado para micros y peque\u00f1as empresas.<\/span><\/p>\n                                    <p>V\u00edctor Cuchillac<\/p>\n                                    <a href=\"https:\/\/diyps.catolica.edu.sv\/investiga\/wp-content\/uploads\/2024\/04\/ES-A1-2021.pdf\" type=\"button\" class=\"btn btn-outline-dark\" target=\"_blank\"><i class=\"bi bi-file-earmark-pdf\"><\/i> PDF<\/a>\n                                <\/div>\n                                <div class=\"container pt-5\">\n                                    <p><span style=\"color: #9d2721; font-family: 'Montserrat SemiBold'\">Definici\u00f3n de las competencias para el teletrabajo desde la competitividad internacional para el a\u00f1o 2021.<\/span><\/p>\n                                    <p>Dr. Gabriel Silva Atencio<\/p>\n                                    <a href=\"https:\/\/diyps.catolica.edu.sv\/investiga\/wp-content\/uploads\/2024\/04\/ES-A2-2021.pdf\" type=\"button\" class=\"btn btn-outline-dark\"  target=\"_blank\"><i class=\"bi bi-file-earmark-pdf\"><\/i> PDF<\/a>\n                                <\/div>\n                                <div class=\"container pt-5\">\n                                    <p><span style=\"color: #9d2721; font-family: 'Montserrat SemiBold'\">Innovaci\u00f3n Abierta: factor clave de Competitividad. Estudio bibliom\u00e9trico.<\/span><\/p>\n                                    <p>Ricardo Ernesto Morales Guerrero, Erick Leobardo Alvarez-Aros<\/p>\n                                    <a href=\"https:\/\/diyps.catolica.edu.sv\/investiga\/wp-content\/uploads\/2024\/04\/ES-A3-2021.pdf\" type=\"button\" class=\"btn btn-outline-dark\" target=\"_blank\"><i class=\"bi bi-file-earmark-pdf\"><\/i> PDF<\/a>\n                                <\/div>\n                                <div class=\"container pt-5\">\n                                    <p><span style=\"color: #9d2721; font-family: 'Montserrat SemiBold'\">El viaje de la Innovaci\u00f3n: 50 a\u00f1os de recorrido en un estudio bibliogr\u00e1fico.<\/span><\/p>\n                                    <p>Dr. Jack D. Torres Leandro,\n                                    Dr. Joaqu\u00edn Camps Torres<\/p>\n                                    <a href=\"https:\/\/diyps.catolica.edu.sv\/investiga\/wp-content\/uploads\/2024\/04\/ES-A4-2021.pdf\" type=\"button\" class=\"btn btn-outline-dark\" target=\"_blank\"><i class=\"bi bi-file-earmark-pdf\"><\/i> PDF<\/a>\n                                <\/div>\n                                <div class=\"container pt-5\">\n                                    <p><span style=\"color: #9d2721; font-family: 'Montserrat SemiBold'\">Comportamiento del consumidor tur\u00edstico durante el proceso de compra.\n                                    Caso de estudio: Mercado Nacional de Artesan\u00edas de San Salvador.<\/span><\/p>\n                                    <p>Yeyli Yalitza Retana de Guirola, \n                                    M\u00f3nica Esther P\u00e9rez Hern\u00e1ndez<\/p>\n                                    <a href=\"https:\/\/diyps.catolica.edu.sv\/investiga\/wp-content\/uploads\/2024\/04\/ES-A5-2021.pdf\" type=\"button\" class=\"btn btn-outline-dark\" target=\"_blank\"><i class=\"bi bi-file-earmark-pdf\"><\/i> PDF<\/a>\n                                <\/div>\n                                <div class=\"container pt-5\">\n                                    <p><span style=\"color: #9d2721; font-family: 'Montserrat SemiBold'\">Describiendo el cl\u00faster de la Bolsa de Valores de El Salvador.<\/span><\/p>\n                                    <p>Giovanny Rivera,\n                                    Rodrigo Flores,\n                                    Edgar Orantes<\/p>\n                                    <a href=\"https:\/\/diyps.catolica.edu.sv\/investiga\/wp-content\/uploads\/2024\/04\/ES-A6-2021.pdf\" type=\"button\" class=\"btn btn-outline-dark\" target=\"_blank\"><i class=\"bi bi-file-earmark-pdf\"><\/i> PDF<\/a>\n                                <\/div>\n                                <div class=\"container pt-5\">\n                                    <p><span style=\"color: #9d2721; font-family: 'Montserrat SemiBold'\">Salvadoran unconventional renewable energy cluster.<\/span><\/p>\n                                    <p>Camila Cladellas Romero, \n                                    Carlos Rodolfo Uma\u00f1a Trujillo, \n                                    Daniel Antonio Zepeda Gonz\u00e1lez, \n                                    Marian Benavides Castro<\/p> \n                                    <a href=\"https:\/\/diyps.catolica.edu.sv\/investiga\/wp-content\/uploads\/2024\/04\/ES-A7-2021.pdf\" type=\"button\" class=\"btn btn-outline-dark\" target=\"_blank\"><i class=\"bi bi-file-earmark-pdf\"><\/i> PDF<\/a>\n                                <\/div>\n                        <\/div>\n                        <div class=\"container border-start border-end pt-5 pb-5 text-center\">\n                            <a class=\"customLink\" href=\"https:\/\/diyps.catolica.edu.sv\/investiga\/empresa-y-sociedad\/\" target=\"_blank\">Ver todos los n\u00fameros <i class=\"bi bi-arrow-right-circle\"><\/i><\/a>\n                        <\/div>\n                    <\/div>\n                    <div class=\"col pt-4\">\n                      <!--<p>Informaci\u00f3n<\/p>\n                      <a class=\"customLink\" href=\"\">Para lectores\/as<\/a><br>\n                      <a class=\"customLink\" href=\"\">Para autores\/as<\/a><br>\n                      <a class=\"customLink\" href=\"\">Para bibliotecarios\/as<\/a><br>\n                      <br><p>Idioma<\/p>\n                      <a class=\"customLink\" href=\"\">Ingl\u00e9s<\/a><br>\n                      <a class=\"customLink\" href=\"\">Espa\u00f1ol<\/a>-->\n                    <\/div>\n                  <\/div>\n                <\/div>\n            <\/section>\n            <section style=\"background-color: #dee2e6\">\n            <div class=\"container text-center pt-3 pb-1 align-items-center justify-content-center\">\n                <p>Empresa y Sociedad: Universidad Cat\u00f3lica de El Salvador<br>\n                    ISSN 2663-1466<\/p>\n            <\/div>\n        <\/section>\n        <\/section>\n        <footer style=\"font-family: 'Montserrat', sans-serif;\">\n                <div class=\"d-flex p-1\" style=\"font-size: 11.4pt; background-color:#971C1F;\">\n                    <div class=\"p-2\">\n                        <a style=\"color: white;\" href=\"https:\/\/catolica.edu.sv\/\" target=\"_blank\" rel=\"noopener\">UNICAES<\/a>\n                    <\/div>\n                    <div class=\"p-2\">\n                        <a style=\"color: white;\" href=\"https:\/\/diyps.catolica.edu.sv\/investiga\/politica-privacidad\/\" target=\"_blank\" rel=\"noopener\">Pol\u00edticas<\/a>\n                    <\/div>\n                    <div class=\"p-2\">\n                        <a style=\"color: white;\" href=\"https:\/\/bibliotecaunicaes.catolica.edu.sv\/\" target=\"_blank\" rel=\"noopener\">Biblioteca Miguel de Cervantes<\/a>\n                    <\/div>\n                <\/div>\n            <\/footer>\n        <script src=\"https:\/\/cdn.jsdelivr.net\/npm\/bootstrap@5.3.2\/dist\/js\/bootstrap.bundle.min.js\" integrity=\"sha384-C6RzsynM9kWDrMNeT87bh95OGNyZPhcTNXj1NW7RuBCsyN\/o0jlpcV8Qyq46cDfL\" crossorigin=\"anonymous\"><\/script>\n    <\/body>\n<\/html>\n\t\t<\/div>\n\t\t\t\t<\/div>\n\t\t\t\t<\/div>\n\t\t\t\t\t\t\t<\/div>\n\t\t","protected":false},"excerpt":{"rendered":"<p>Nosotros Investigaci\u00f3n Docentes investigadores Facultades Editorial Proyecci\u00f3n Social Modalidades Proyectos Contacto EMPRESA Y SOCIEDAD N\u00famero actual Vol 3 N\u00fam. 1 (2021-2022) Publicado: 2022 Comit\u00e9 de Arbitraje Vol 3 PDF ART\u00cdCULOS Modelos de almacenamiento digital centralizado para micros y peque\u00f1as empresas. V\u00edctor Cuchillac PDF Definici\u00f3n de las competencias para el teletrabajo desde la competitividad internacional para [&hellip;]<\/p>\n","protected":false},"author":2,"featured_media":0,"parent":0,"menu_order":0,"comment_status":"closed","ping_status":"closed","template":"elementor_canvas","meta":{"footnotes":""},"class_list":["post-3723","page","type-page","status-publish","hentry"],"_links":{"self":[{"href":"https:\/\/diyps.catolica.edu.sv\/investiga\/wp-json\/wp\/v2\/pages\/3723","targetHints":{"allow":["GET"]}}],"collection":[{"href":"https:\/\/diyps.catolica.edu.sv\/investiga\/wp-json\/wp\/v2\/pages"}],"about":[{"href":"https:\/\/diyps.catolica.edu.sv\/investiga\/wp-json\/wp\/v2\/types\/page"}],"author":[{"embeddable":true,"href":"https:\/\/diyps.catolica.edu.sv\/investiga\/wp-json\/wp\/v2\/users\/2"}],"replies":[{"embeddable":true,"href":"https:\/\/diyps.catolica.edu.sv\/investiga\/wp-json\/wp\/v2\/comments?post=3723"}],"version-history":[{"count":9,"href":"https:\/\/diyps.catolica.edu.sv\/investiga\/wp-json\/wp\/v2\/pages\/3723\/revisions"}],"predecessor-version":[{"id":3823,"href":"https:\/\/diyps.catolica.edu.sv\/investiga\/wp-json\/wp\/v2\/pages\/3723\/revisions\/3823"}],"wp:attachment":[{"href":"https:\/\/diyps.catolica.edu.sv\/investiga\/wp-json\/wp\/v2\/media?parent=3723"}],"curies":[{"name":"wp","href":"https:\/\/api.w.org\/{rel}","templated":true}]}}