{"id":3,"date":"2023-10-06T18:34:48","date_gmt":"2023-10-06T16:34:48","guid":{"rendered":"https:\/\/diyps.catolica.edu.sv\/investiga\/?page_id=3"},"modified":"2024-04-12T08:01:11","modified_gmt":"2024-04-12T06:01:11","slug":"politica-privacidad","status":"publish","type":"page","link":"https:\/\/diyps.catolica.edu.sv\/investiga\/politica-privacidad\/","title":{"rendered":"Pol\u00edtica de privacidad"},"content":{"rendered":"\t\t<div data-elementor-type=\"wp-page\" data-elementor-id=\"3\" class=\"elementor elementor-3\">\n\t\t\t\t\t\t\t<div class=\"elementor-element elementor-element-c90cee6 e-con-full e-flex e-con e-parent\" data-id=\"c90cee6\" data-element_type=\"container\" data-settings=\"{&quot;content_width&quot;:&quot;full&quot;,&quot;background_background&quot;:&quot;classic&quot;}\" data-core-v316-plus=\"true\">\n\t\t\t\t<div class=\"elementor-element elementor-element-1e3dbbd elementor-widget elementor-widget-html\" data-id=\"1e3dbbd\" data-element_type=\"widget\" data-widget_type=\"html.default\">\n\t\t\t\t<div class=\"elementor-widget-container\">\n\t\t\t<!DOCTYPE html>\r\n<html lang=\"es\">\r\n    <head>\r\n        <meta charset=\"utf-8\">\r\n        <meta name=\"viewport\" content=\"width=device-width, initial-scale=1\">\r\n        <link href=\"https:\/\/cdn.jsdelivr.net\/npm\/bootstrap@5.3.2\/dist\/css\/bootstrap.min.css\" rel=\"stylesheet\" integrity=\"sha384-T3c6CoIi6uLrA9TneNEoa7RxnatzjcDSCmG1MXxSR1GAsXEV\/Dwwykc2MPK8M2HN\" crossorigin=\"anonymous\">\r\n        <link rel=\"stylesheet\" href=\"https:\/\/cdn.jsdelivr.net\/npm\/bootstrap-icons@1.11.2\/font\/bootstrap-icons.min.css\">\r\n        <link rel=\"preconnect\" href=\"https:\/\/fonts.googleapis.com\">\r\n        <link rel=\"preconnect\" href=\"https:\/\/fonts.gstatic.com\" crossorigin>\r\n        <style>\r\n            header {\r\n                background-color: transparent;\r\n                color: #fff;\r\n            }\r\n            ul.navbar {\r\n                list-style-type: none;\r\n                margin: 0;\r\n                padding: 0;\r\n                display: flex;\r\n            }\r\n            ul.navbar li {\r\n                margin: 0;\r\n                padding: 0;\r\n            }\r\n            ul.navbar li a {\r\n                display: block;\r\n                padding: 20px 20px;\r\n                text-decoration: none;\r\n                color: #fff;\r\n                transition: background-color 0.3s, color 0.3s;\r\n            }\r\n            ul.navbar li a:hover {\r\n                background-color: transparent;\r\n                color: #9d2721;\r\n            }\r\n            ul.submenu {\r\n                display: none;\r\n                background-color: #9d2721;\r\n                position: absolute;\r\n                list-style: none;\r\n                margin: 0;\r\n                padding: 0;\r\n            }\r\n            ul.navbar li:hover ul.submenu {\r\n                display: block;\r\n            }\r\n            ul.submenu li {\r\n                margin: 0;\r\n                padding: 0;\r\n            }\r\n            ul.submenu li a {\r\n                padding: 10px 20px;\r\n                display: block;\r\n                color: #fff;\r\n                text-decoration: none;\r\n                transition: background-color 0.3s, color 0.3s;\r\n            }\r\n            ul.submenu li a:hover {\r\n                background-color: #fff;\r\n                color: #9d2721;\r\n            }\r\n            .navbarContainer{\r\n                margin: 30px 0px 30px 0px;\r\n                margin-left: auto; \r\n                margin-right: 100px;\r\n            }\r\n            .container1{\r\n                display: flex;\r\n            }\r\n            .container1 img{\r\n                width: 290px;\r\n                margin: 30px 50px 30px 50px;\r\n            }\r\n            #Btn1{\r\n                border-width: 2px;\r\n                border-radius: 20px;\r\n                padding:10px 30px;\r\n                margin: 0px 20px 0px auto;\r\n                width: 200px;\r\n            }\r\n            #Btn2{\r\n                border-width: 2px;\r\n                border-radius: 20px;\r\n                padding:10px 30px;\r\n                margin: 0px auto 0px 20px;\r\n                width: 200px;\r\n            }\r\n            .Buttons{\r\n                display: flex;\r\n                margin-bottom: 150px;\r\n            }\r\n            .text-on-background{\r\n                color:white;\r\n                text-align: center;\r\n            }\r\n        <\/style>\r\n    <\/head>\r\n    <body>\r\n        <section style=\"font-family: 'Montserrat', sans-serif;\">\r\n            <section>\r\n                <div class=\"container1\">\r\n                    <div> \r\n                        <a href=\"https:\/\/diyps.catolica.edu.sv\/investiga\/\"><img decoding=\"async\" src=\"https:\/\/diyps.catolica.edu.sv\/investiga\/wp-content\/uploads\/2023\/11\/UNICAES_Logo3.png\"><\/a>\r\n                    <\/div>\r\n                    <div class=\"navbarContainer\">\r\n                        <ul class=\"navbar\">\r\n                            <li><a href=\"https:\/\/diyps.catolica.edu.sv\/investiga\/nosotros\/\">Nosotros<\/a><\/li>\r\n                            <li>\r\n                                <a href=\"https:\/\/diyps.catolica.edu.sv\/investiga\/investigacion\/\">Investigaci\u00f3n<\/a>\r\n                                <ul class=\"submenu\">\r\n                                            <li><a href=\"https:\/\/diyps.catolica.edu.sv\/investiga\/areas-de-los-docentes-investigadores\/\">Docentes investigadores<\/a><\/li>\r\n                                            <li><a href=\"https:\/\/diyps.catolica.edu.sv\/investiga\/facultades\/\">Facultades<\/a><\/li>\r\n                                            <li><a href=\"https:\/\/diyps.catolica.edu.sv\/investiga\/sello-editorial\/\">Editorial<\/a><\/li>\r\n                                <\/ul>\r\n                            <\/li>\r\n                            <li>\r\n                                <a href=\"https:\/\/diyps.catolica.edu.sv\/investiga\/proyeccion-social\/\">Proyecci\u00f3n Social<\/a>\r\n                                <ul class=\"submenu\">\r\n                                    <li><a href=\"https:\/\/diyps.catolica.edu.sv\/investiga\/modalidades\/\">Modalidades<\/a><\/li>\r\n                                    <li><a href=\"https:\/\/diyps.catolica.edu.sv\/investiga\/un-compromiso-con-la-sociedad\/\">Proyectos<\/a><\/li>\r\n                                <\/ul>\r\n                            <\/li>\r\n                            <li><a href=\"https:\/\/diyps.catolica.edu.sv\/investiga\/contacto\/\">Contacto<\/a><\/li>\r\n                        <\/ul>\r\n                    <\/div>\r\n                <\/div>\r\n                <div class=\"container text-on-background\" style=\"margin-top: 12%; padding-bottom: 1%;\">\r\n                    <p class=\"fw-bolder\" style=\"font-size: 50pt;\">POL\u00cdTICAS Y PROCEDIMIENTOS<\/p>\r\n                <\/div>\r\n            <\/section>\r\n            <section style=\"background-color: white;\">\r\n                <div class=\"container text-center pt-5 pb-3 mt-5\">\r\n                    <p>\r\n                    <p>\r\n                        La Investigaci\u00f3n y la Proyecci\u00f3n Social son funciones b\u00e1sicas de las instituciones de educaci\u00f3n superior. Por ello, la Universidad Cat\u00f3lica de El Salvador, de conformidad a la Ley de Educaci\u00f3n Superior y a su Reglamento, y a la normativa institucional, establece para su comunidad acad\u00e9mica la Pol\u00edtica General de Investigaci\u00f3n de la Universidad Cat\u00f3lica de El Salvador, la cual contiene l\u00edneas y directrices para los investigadores y los docentes que desarrollan proyectos de intervenci\u00f3n.\r\n                    <\/p>\r\n                <\/div>\r\n                <div class=\"container d-flex justify-content-center align-items-center pb-5\">\r\n                    <a type=\"button\" class=\"btn btn-outline-dark rounded-pill m-3\" style=\"padding:10px 30px; width: 300px;\" href=\"https:\/\/diyps.catolica.edu.sv\/investiga\/wp-content\/uploads\/2024\/04\/politica2016OK.pdf\" target=\"_blank\">Pol\u00edtica de Investigaci\u00f3n y Proyecci\u00f3n Social<\/a>\r\n                    <a type=\"button\" class=\"btn btn-outline-dark rounded-pill m-3\" style=\"padding:10px 30px; width: 300px;\" href=\"https:\/\/diyps.catolica.edu.sv\/investiga\/wp-content\/uploads\/2024\/04\/Estructuraprotocolo.pdf\" target=\"_blank\">Protocolo de Investigaci\u00f3n<\/a>\r\n                    <a type=\"button\" class=\"btn btn-outline-dark rounded-pill m-3\" style=\"padding:10px 30px; width: 300px;\" href=\"https:\/\/diyps.catolica.edu.sv\/investiga\/wp-content\/uploads\/2024\/04\/FormatodeProyectointervencion.pdf\" target=\"_blank\"> Proyectos de Intervenci\u00f3n<\/a>\r\n                <\/div>\r\n            <\/section>\r\n            <footer>\r\n                <div class=\"d-flex p-1\" style=\"font-size: 11.4pt; background-color:#971C1F;\">\r\n                    <div class=\"p-2\">\r\n                        <a style=\"color: white;\" href=\"https:\/\/catolica.edu.sv\/\" target=\"_blank\" rel=\"noopener\">UNICAES<\/a>\r\n                    <\/div>\r\n                    <div class=\"p-2\">\r\n                        <a style=\"color: white;\" href=\"https:\/\/diyps.catolica.edu.sv\/investiga\/politica-privacidad\/\" target=\"_blank\" rel=\"noopener\">Pol\u00edticas<\/a>\r\n                    <\/div>\r\n                    <div class=\"p-2\">\r\n                        <a style=\"color: white;\" href=\"https:\/\/bibliotecaunicaes.catolica.edu.sv\/\" target=\"_blank\" rel=\"noopener\">Biblioteca Miguel de Cervantes<\/a>\r\n                    <\/div>\r\n                <\/div>\r\n            <\/footer>\r\n        <\/section>\r\n        <script src=\"https:\/\/cdn.jsdelivr.net\/npm\/bootstrap@5.3.2\/dist\/js\/bootstrap.bundle.min.js\" integrity=\"sha384-C6RzsynM9kWDrMNeT87bh95OGNyZPhcTNXj1NW7RuBCsyN\/o0jlpcV8Qyq46cDfL\" crossorigin=\"anonymous\"><\/script>\r\n        <script src=\"https:\/\/cdn.jsdelivr.net\/npm\/@popperjs\/core@2.11.8\/dist\/umd\/popper.min.js\" integrity=\"sha384-I7E8VVD\/ismYTF4hNIPjVp\/Zjvgyol6VFvRkX\/vR+Vc4jQkC+hVqc2pM8ODewa9r\" crossorigin=\"anonymous\"><\/script>\r\n        <script src=\"https:\/\/cdn.jsdelivr.net\/npm\/bootstrap@5.3.2\/dist\/js\/bootstrap.min.js\" integrity=\"sha384-BBtl+eGJRgqQAUMxJ7pMwbEyER4l1g+O15P+16Ep7Q9Q+zqX6gSbd85u4mG4QzX+\" crossorigin=\"anonymous\"><\/script>\r\n    <\/body>\r\n<\/html>\t\t<\/div>\n\t\t\t\t<\/div>\n\t\t\t\t<\/div>\n\t\t\t\t\t\t\t<\/div>\n\t\t","protected":false},"excerpt":{"rendered":"<p>Nosotros Investigaci\u00f3n Docentes investigadores Facultades Editorial Proyecci\u00f3n Social Modalidades Proyectos Contacto POL\u00cdTICAS Y PROCEDIMIENTOS La Investigaci\u00f3n y la Proyecci\u00f3n Social son funciones b\u00e1sicas de las instituciones de educaci\u00f3n superior. Por ello, la Universidad Cat\u00f3lica de El Salvador, de conformidad a la Ley de Educaci\u00f3n Superior y a su Reglamento, y a la normativa institucional, establece [&hellip;]<\/p>\n","protected":false},"author":1,"featured_media":0,"parent":0,"menu_order":0,"comment_status":"closed","ping_status":"open","template":"elementor_canvas","meta":{"footnotes":""},"class_list":["post-3","page","type-page","status-publish","hentry"],"_links":{"self":[{"href":"https:\/\/diyps.catolica.edu.sv\/investiga\/wp-json\/wp\/v2\/pages\/3","targetHints":{"allow":["GET"]}}],"collection":[{"href":"https:\/\/diyps.catolica.edu.sv\/investiga\/wp-json\/wp\/v2\/pages"}],"about":[{"href":"https:\/\/diyps.catolica.edu.sv\/investiga\/wp-json\/wp\/v2\/types\/page"}],"author":[{"embeddable":true,"href":"https:\/\/diyps.catolica.edu.sv\/investiga\/wp-json\/wp\/v2\/users\/1"}],"replies":[{"embeddable":true,"href":"https:\/\/diyps.catolica.edu.sv\/investiga\/wp-json\/wp\/v2\/comments?post=3"}],"version-history":[{"count":45,"href":"https:\/\/diyps.catolica.edu.sv\/investiga\/wp-json\/wp\/v2\/pages\/3\/revisions"}],"predecessor-version":[{"id":3397,"href":"https:\/\/diyps.catolica.edu.sv\/investiga\/wp-json\/wp\/v2\/pages\/3\/revisions\/3397"}],"wp:attachment":[{"href":"https:\/\/diyps.catolica.edu.sv\/investiga\/wp-json\/wp\/v2\/media?parent=3"}],"curies":[{"name":"wp","href":"https:\/\/api.w.org\/{rel}","templated":true}]}}