{"id":2566,"date":"2024-01-28T23:49:11","date_gmt":"2024-01-28T22:49:11","guid":{"rendered":"https:\/\/diyps.catolica.edu.sv\/investiga\/?page_id=2566"},"modified":"2024-04-14T22:03:59","modified_gmt":"2024-04-14T20:03:59","slug":"repositorio-produccion-agropecuaria-y-desarrollo-sostenible-2019","status":"publish","type":"page","link":"https:\/\/diyps.catolica.edu.sv\/investiga\/repositorio-produccion-agropecuaria-y-desarrollo-sostenible-2019\/","title":{"rendered":"Repositorio Producci\u00f3n Agropecuaria y Desarrollo Sostenible 2019"},"content":{"rendered":"\t\t<div data-elementor-type=\"wp-page\" data-elementor-id=\"2566\" class=\"elementor elementor-2566\">\n\t\t\t\t\t\t\t<div class=\"elementor-element elementor-element-e941077 e-con-full e-flex e-con e-parent\" data-id=\"e941077\" data-element_type=\"container\" data-settings=\"{&quot;content_width&quot;:&quot;full&quot;}\" data-core-v316-plus=\"true\">\n\t\t\t\t<div class=\"elementor-element elementor-element-826eace elementor-widget elementor-widget-html\" data-id=\"826eace\" data-element_type=\"widget\" data-widget_type=\"html.default\">\n\t\t\t\t<div class=\"elementor-widget-container\">\n\t\t\t<!DOCTYPE html>\n<html lang=\"es\">\n    <head>\n        <meta charset=\"utf-8\">\n        <meta name=\"viewport\" content=\"width=device-width, initial-scale=1\">\n        <link rel=\"preconnect\" href=\"https:\/\/fonts.googleapis.com\">\n        <link rel=\"preconnect\" href=\"https:\/\/fonts.gstatic.com\" crossorigin>\n        \n        <link href=\"https:\/\/cdn.jsdelivr.net\/npm\/bootstrap@5.3.2\/dist\/css\/bootstrap.min.css\" rel=\"stylesheet\" integrity=\"sha384-T3c6CoIi6uLrA9TneNEoa7RxnatzjcDSCmG1MXxSR1GAsXEV\/Dwwykc2MPK8M2HN\" crossorigin=\"anonymous\">\n        <link rel=\"stylesheet\" href=\"https:\/\/cdn.jsdelivr.net\/npm\/bootstrap-icons@1.11.3\/font\/bootstrap-icons.min.css\">\n    <style>\n    header {\n      background-color: transparent;\n      color: #000;\n    }\n\n    ul.navbar {\n      list-style-type: none;\n      margin: 0;\n      padding: 0;\n      display: flex;\n    }\n\n    ul.navbar li {\n      margin: 0;\n      padding: 0;\n    }\n    ul.navbar li a {\n      display: block;\n      padding: 20px 20px;\n      text-decoration: none;\n      color: #fff;\n      transition: background-color 0.3s, color 0.3s;\n    }\n\n    ul.navbar li a:hover {\n      background-color: transparent;\n      color: #b26062;\n    }\n\n    ul.submenu {\n      display: none;\n      background-color: #9d2721;\n      position: absolute;\n      list-style: none;\n      margin: 0;\n      padding: 0;\n    }\n\n    ul.navbar li:hover ul.submenu {\n      display: block;\n    }\n    ul.submenu li {\n      margin: 0;\n      padding: 0;\n    }\n\n    ul.submenu li a {\n      padding: 10px 20px;\n      display: block;\n      color: #fff;\n      text-decoration: none;\n      transition: background-color 0.3s, color 0.3s;\n    }\n    ul.submenu li a:hover {\n      background-color: #fff;\n      color: #9d2721;\n    }\n    .navbarContainer{\n        margin: 30px 0px 30px 0px;\n        margin-left: auto; \n        margin-right: 100px;\n    }\n    .customLink{\n        color: #9d2721;\n    }\n    \n    .customLink:hover{\n        color: #212529;\n    }\n    <\/style>\n    <\/head>\n    <body>\n        <section style=\"font-family: 'Montserrat Medium', sans-serif;\">\n            <section style=\"background-color: #781113\">\n                <div class=\"d-flex\">\n                    <div> \n                        <a href=\"https:\/\/diyps.catolica.edu.sv\/investiga\/\"><img decoding=\"async\" src=\"https:\/\/diyps.catolica.edu.sv\/investiga\/wp-content\/uploads\/2023\/11\/UNICAES_Logo3.png\" style=\"width: 290px; margin: 30px 50px;\"><\/a>\n                    <\/div>\n                    <div class=\"navbarContainer\">\n                        <ul class=\"navbar\">\n                            <li><a href=\"https:\/\/diyps.catolica.edu.sv\/investiga\/nosotros\/\">Nosotros<\/a><\/li>\n                            <li>\n                            <a href=\"https:\/\/diyps.catolica.edu.sv\/investiga\/investigacion\/\">Investigaci\u00f3n<\/a>\n                                <ul class=\"submenu\">\n                                            <li><a href=\"https:\/\/diyps.catolica.edu.sv\/investiga\/areas-de-los-docentes-investigadores\/\">Docentes investigadores<\/a><\/li>\n                                            <li><a href=\"https:\/\/diyps.catolica.edu.sv\/investiga\/facultades\/\">Facultades<\/a><\/li>\n                                            <li><a href=\"https:\/\/diyps.catolica.edu.sv\/investiga\/sello-editorial\/\">Editorial<\/a><\/li>\n                                <\/ul>\n                            <\/li>\n                            <li>\n                                <a href=\"https:\/\/diyps.catolica.edu.sv\/investiga\/proyeccion-social\/\">Proyecci\u00f3n Social<\/a>\n                                <ul class=\"submenu\">\n                                    <li><a href=\"https:\/\/diyps.catolica.edu.sv\/investiga\/modalidades\/\">Modalidades<\/a><\/li>\n                                    <li><a href=\"https:\/\/diyps.catolica.edu.sv\/investiga\/un-compromiso-con-la-sociedad\/\">Proyectos<\/a><\/li>\n                                <\/ul>\n                            <\/li>\n                            <li><a href=\"https:\/\/diyps.catolica.edu.sv\/investiga\/contacto\/\">Contacto<\/a><\/li>\n                        <\/ul>\n                    <\/div>\n                <\/div>\n            <\/section>\n            <section style=\"background-color: #9d2721\">\n                <div class=\"container text-center align-items-center p-3\">\n                    <h1 class=\"display-6\" style=\"color: white; font-family: 'Montserrat black', Sans-Serif;\">PRODUCCI\u00d3N AGROPECUARIA Y DESARROLLO SOSTENIBLE<\/h1>\n                <\/div>\n            <\/section>\n            <section>\n                <div class=\"container\">\n                  <div class=\"row\">\n                    <div class=\"col-2\">\n                      \n                    <\/div>\n                    <div class=\"col-8\">\n                        <div class=\"container border-start border-end border-bottom pb-5\">\n                            <div class=\"container d-flex pt-4 pb-4\">\n                                <img decoding=\"async\" class=\"container\" style=\"height: 0%; width: 45%;\" src=\"https:\/\/diyps.catolica.edu.sv\/investiga\/wp-content\/uploads\/2023\/11\/logo_PAYDS1.png\">\n                                <p class=\"container\" style=\"text-align: justify;\">\n                                    Producci\u00f3n Agropecuaria y Desarrollo Sostenible es la revista institucional de la Unidad de Investigaci\u00f3n y Proyecci\u00f3n Social, bajo el sello de UNICAES EDITORES; esta se encuentra en sinton\u00eda con el plan institucional y visi\u00f3n de la Universidad Cat\u00f3lica de El Salvador.\n                                <\/p>\n                            <\/div>\n                            <div class=\"container pt-3 pb-3\" style=\"font-family: 'Montserrat SemiBold', sans-serif;\">\n                                <h5 style=\"color: #9d2721;\">N\u00famero actual<\/h5>\n                            <\/div>\n                            <div class=\"container\"> \n                                <p><span style=\"font-weight: bold;\">Vol. 12 N\u00fam. 1 (2023)<\/span><\/p>\n                            <\/div>\n                                <div class=\"container d-flex\">\n                                    <img decoding=\"async\" src=\"https:\/\/diyps.catolica.edu.sv\/investiga\/wp-content\/uploads\/2023\/12\/PastaPAyDS2023-scaled.jpg\" style=\"width: 25%;\">\n                                    <p class=\"p-4\"><span style=\"font-weight: bold;\">Publicado: <\/span>2023<\/p>\n                                <\/div>\n                        <\/div> <!--\n                        <div class=\"container border-start border-end border-bottom pt-5 pb-5\">\n                            <div class=\"container\">\n                                <p><span style=\"color: #9d2721; font-family: 'Montserrat SemiBold'\">Comit\u00e9 de Arbitraje 2019<\/span><\/p>\n                                <a href=\"#\" type=\"button\" class=\"btn btn-outline-dark\" target=\"_blank\"><i class=\"bi bi-file-earmark-pdf\"><\/i> PDF<\/a>\n                            <\/div> \n                        <\/div>-->\n                        <div class=\"container border-start border-end pt-5\">\n                                <div class=\"container text-center\"><p>ART\u00cdCULOS<\/p><\/div>\n                                <div class=\"container pt-3\">\n                                    <p><span style=\"color: #9d2721; font-family: 'Montserrat SemiBold'\">Proceso productivo de empresas queseras artesanales de la regi\u00f3n R\u00edos de Tabasco.<\/span><\/p>\n                                    <p>Liliana Cristel Blanco G\u00f3mez, Ana Laura Luna Jim\u00e9nez, Nicol\u00e1s Gonz\u00e1lez Cort\u00e9s, Mateo Ortiz Hern\u00e1ndez, Rom\u00e1n Jim\u00e9nez Vera<\/p>\n                                    <a href=\"https:\/\/diyps.catolica.edu.sv\/investiga\/wp-content\/uploads\/2024\/01\/1-Queso-PAYDS-Vol-8.pdf\" type=\"button\" class=\"btn btn-outline-dark\" target=\"_blank\"><i class=\"bi bi-file-earmark-pdf\"><\/i> PDF<\/a>\n                                <\/div>\n                                <div class=\"container pt-5\">\n                                    <p><span style=\"color: #9d2721; font-family: 'Montserrat SemiBold'\">Evaluaci\u00f3n y an\u00e1lisis sensorial en la reducci\u00f3n de porcentaje de az\u00facar en leches saborizadas de consumo popular, mediante la reformulaci\u00f3n de las mismas.<\/span><\/p>\n                                    <p>Jos\u00e9 Miguel Bonilla Portillo, Franklin Kennedy Ventura Villegas, Felipe Javier Alvarado Mart\u00ednez<\/p>\n                                    <a href=\"https:\/\/diyps.catolica.edu.sv\/investiga\/wp-content\/uploads\/2024\/01\/2-leche-PAYDS-Vol-8.pdf\" type=\"button\" class=\"btn btn-outline-dark\"  target=\"_blank\"><i class=\"bi bi-file-earmark-pdf\"><\/i> PDF<\/a>\n                                <\/div>\n                                <div class=\"container pt-5\">\n                                    <p><span style=\"color: #9d2721; font-family: 'Montserrat SemiBold'\">Efecto lactog\u00e9nico de la adici\u00f3n de harina de fenogreco (Trigonella foenum-graecum L.) sobre el rendimiento de cabras en per\u00edodo de lactaci\u00f3n.<\/span><\/p>\n                                    <p>Kevin Donaldo V\u00e9liz Garc\u00eda, Carlos Enrique Corzantes Cruz, D\u00e9borah Cecilia Rodr\u00edguez S\u00e1nchez<\/p>\n                                    <a href=\"https:\/\/diyps.catolica.edu.sv\/investiga\/wp-content\/uploads\/2024\/01\/3-Fenogreco-PAYDS-Vol-8.pdf\" type=\"button\" class=\"btn btn-outline-dark\" target=\"_blank\"><i class=\"bi bi-file-earmark-pdf\"><\/i> PDF<\/a>\n                                <\/div>\n                                <div class=\"container pt-5\">\n                                    <p><span style=\"color: #9d2721; font-family: 'Montserrat SemiBold'\">Micro injertaci\u00f3n de cacao (Theobroma cacao) aut\u00f3ctono de El Salvador.<\/span><\/p>\n                                    <p>Henry Omar Calder\u00f3n Acu\u00f1a, Jacquelinne Griselda Zetino Mart\u00ednez<\/p>\n                                    <a href=\"https:\/\/diyps.catolica.edu.sv\/investiga\/wp-content\/uploads\/2024\/01\/4-Cacao-PAYDS-Vol-8.pdf\" type=\"button\" class=\"btn btn-outline-dark\" target=\"_blank\"><i class=\"bi bi-file-earmark-pdf\"><\/i> PDF<\/a>\n                                <\/div>\n                                <div class=\"container pt-5\">\n                                    <p><span style=\"color: #9d2721; font-family: 'Montserrat SemiBold'\">Rendimiento y valor nutricional de avena asociada con vicia en condiciones altoandinas de Jun\u00edn, Per\u00fa.<\/span><\/p>\n                                    <p>Marcial Enciso Altamirano, Carlos G\u00f3mez Bravo, Mariano Echevarr\u00eda Rojas, C\u00e9sar Osorio Zavala, Orlando Chipana Quispe, Wilfredo Ruiz Camacho<\/p>\n                                    <a href=\"https:\/\/diyps.catolica.edu.sv\/investiga\/wp-content\/uploads\/2024\/01\/5-Avena-PAYDS-Vol-8.pdf\" type=\"button\" class=\"btn btn-outline-dark\" target=\"_blank\"><i class=\"bi bi-file-earmark-pdf\"><\/i> PDF<\/a>\n                                <\/div>\n                        <\/div>\n                        <div class=\"container border-start border-end pt-5 pb-5 text-center\">\n                            <a class=\"customLink\" href=\"https:\/\/diyps.catolica.edu.sv\/investiga\/produccion-agropecuaria-y-desarrollo-sostenible\/\" target=\"_blank\">Ver todos los n\u00fameros <i class=\"bi bi-arrow-right-circle\"><\/i><\/a>\n                        <\/div>\n                    <\/div>\n                    <div class=\"col pt-4\">\n                      <!--<p>Informaci\u00f3n<\/p>\n                      <a class=\"customLink\" href=\"\">Para lectores\/as<\/a><br>\n                      <a class=\"customLink\" href=\"\">Para autores\/as<\/a><br>\n                      <a class=\"customLink\" href=\"\">Para bibliotecarios\/as<\/a><br>\n                      <br><p>Idioma<\/p>\n                      <a class=\"customLink\" href=\"\">Ingl\u00e9s<\/a><br>\n                      <a class=\"customLink\" href=\"\">Espa\u00f1ol<\/a>-->\n                    <\/div>\n                  <\/div>\n                <\/div>\n            <\/section>\n            <section style=\"background-color: #dee2e6\">\n            <div class=\"container text-center pt-3 pb-1 align-items-center justify-content-center\">\n                <p>Producci\u00f3n Agropecuaria y Desarrollo Sostenible: Universidad Cat\u00f3lica de El Salvador<br>\n                    e-ISSN 2518-8100 - ISSN 2305-1744<\/p>\n            <\/div>\n        <\/section>\n        <\/section>\n        <footer style=\"font-family: 'Montserrat', sans-serif;\">\n                <div class=\"d-flex p-1\" style=\"font-size: 11.4pt; background-color:#971C1F;\">\n                    <div class=\"p-2\">\n                        <a style=\"color: white;\" href=\"https:\/\/catolica.edu.sv\/\" target=\"_blank\" rel=\"noopener\">UNICAES<\/a>\n                    <\/div>\n                    <div class=\"p-2\">\n                        <a style=\"color: white;\" href=\"https:\/\/diyps.catolica.edu.sv\/investiga\/politica-privacidad\/\" target=\"_blank\" rel=\"noopener\">Pol\u00edticas<\/a>\n                    <\/div>\n                    <div class=\"p-2\">\n                        <a style=\"color: white;\" href=\"https:\/\/bibliotecaunicaes.catolica.edu.sv\/\" target=\"_blank\" rel=\"noopener\">Biblioteca Miguel de Cervantes<\/a>\n                    <\/div>\n                <\/div>\n            <\/footer>\n        <script src=\"https:\/\/cdn.jsdelivr.net\/npm\/bootstrap@5.3.2\/dist\/js\/bootstrap.bundle.min.js\" integrity=\"sha384-C6RzsynM9kWDrMNeT87bh95OGNyZPhcTNXj1NW7RuBCsyN\/o0jlpcV8Qyq46cDfL\" crossorigin=\"anonymous\"><\/script>\n    <\/body>\n<\/html>\n\t\t<\/div>\n\t\t\t\t<\/div>\n\t\t\t\t<\/div>\n\t\t\t\t\t\t\t<\/div>\n\t\t","protected":false},"excerpt":{"rendered":"<p>Nosotros Investigaci\u00f3n Docentes investigadores Facultades Editorial Proyecci\u00f3n Social Modalidades Proyectos Contacto PRODUCCI\u00d3N AGROPECUARIA Y DESARROLLO SOSTENIBLE Producci\u00f3n Agropecuaria y Desarrollo Sostenible es la revista institucional de la Unidad de Investigaci\u00f3n y Proyecci\u00f3n Social, bajo el sello de UNICAES EDITORES; esta se encuentra en sinton\u00eda con el plan institucional y visi\u00f3n de la Universidad Cat\u00f3lica de [&hellip;]<\/p>\n","protected":false},"author":2,"featured_media":0,"parent":0,"menu_order":0,"comment_status":"closed","ping_status":"closed","template":"elementor_canvas","meta":{"footnotes":""},"class_list":["post-2566","page","type-page","status-publish","hentry"],"_links":{"self":[{"href":"https:\/\/diyps.catolica.edu.sv\/investiga\/wp-json\/wp\/v2\/pages\/2566","targetHints":{"allow":["GET"]}}],"collection":[{"href":"https:\/\/diyps.catolica.edu.sv\/investiga\/wp-json\/wp\/v2\/pages"}],"about":[{"href":"https:\/\/diyps.catolica.edu.sv\/investiga\/wp-json\/wp\/v2\/types\/page"}],"author":[{"embeddable":true,"href":"https:\/\/diyps.catolica.edu.sv\/investiga\/wp-json\/wp\/v2\/users\/2"}],"replies":[{"embeddable":true,"href":"https:\/\/diyps.catolica.edu.sv\/investiga\/wp-json\/wp\/v2\/comments?post=2566"}],"version-history":[{"count":24,"href":"https:\/\/diyps.catolica.edu.sv\/investiga\/wp-json\/wp\/v2\/pages\/2566\/revisions"}],"predecessor-version":[{"id":3767,"href":"https:\/\/diyps.catolica.edu.sv\/investiga\/wp-json\/wp\/v2\/pages\/2566\/revisions\/3767"}],"wp:attachment":[{"href":"https:\/\/diyps.catolica.edu.sv\/investiga\/wp-json\/wp\/v2\/media?parent=2566"}],"curies":[{"name":"wp","href":"https:\/\/api.w.org\/{rel}","templated":true}]}}