{"id":2351,"date":"2024-01-28T01:14:23","date_gmt":"2024-01-28T00:14:23","guid":{"rendered":"https:\/\/diyps.catolica.edu.sv\/investiga\/?page_id=2351"},"modified":"2024-05-07T22:23:25","modified_gmt":"2024-05-07T20:23:25","slug":"repositorio-anuario-de-investigacion-2019","status":"publish","type":"page","link":"https:\/\/diyps.catolica.edu.sv\/investiga\/repositorio-anuario-de-investigacion-2019\/","title":{"rendered":"Repositorio Anuario de Investigaci\u00f3n 2019"},"content":{"rendered":"\t\t<div data-elementor-type=\"wp-page\" data-elementor-id=\"2351\" class=\"elementor elementor-2351\">\n\t\t\t\t\t\t\t<div class=\"elementor-element elementor-element-e7c0114 e-con-full e-flex e-con e-parent\" data-id=\"e7c0114\" data-element_type=\"container\" data-settings=\"{&quot;content_width&quot;:&quot;full&quot;}\" data-core-v316-plus=\"true\">\n\t\t\t\t<div class=\"elementor-element elementor-element-108d63c elementor-widget elementor-widget-html\" data-id=\"108d63c\" data-element_type=\"widget\" data-widget_type=\"html.default\">\n\t\t\t\t<div class=\"elementor-widget-container\">\n\t\t\t<!DOCTYPE html>\n<html lang=\"es\">\n    <head>\n        <meta charset=\"utf-8\">\n        <meta name=\"viewport\" content=\"width=device-width, initial-scale=1\">\n        <link rel=\"preconnect\" href=\"https:\/\/fonts.googleapis.com\">\n        <link rel=\"preconnect\" href=\"https:\/\/fonts.gstatic.com\" crossorigin>\n        \n        <link href=\"https:\/\/cdn.jsdelivr.net\/npm\/bootstrap@5.3.2\/dist\/css\/bootstrap.min.css\" rel=\"stylesheet\" integrity=\"sha384-T3c6CoIi6uLrA9TneNEoa7RxnatzjcDSCmG1MXxSR1GAsXEV\/Dwwykc2MPK8M2HN\" crossorigin=\"anonymous\">\n        <link rel=\"stylesheet\" href=\"https:\/\/cdn.jsdelivr.net\/npm\/bootstrap-icons@1.11.3\/font\/bootstrap-icons.min.css\">\n    <style>\n    header {\n      background-color: transparent;\n      color: #000;\n    }\n\n    ul.navbar {\n      list-style-type: none;\n      margin: 0;\n      padding: 0;\n      display: flex;\n    }\n\n    ul.navbar li {\n      margin: 0;\n      padding: 0;\n    }\n    ul.navbar li a {\n      display: block;\n      padding: 20px 20px;\n      text-decoration: none;\n      color: #fff;\n      transition: background-color 0.3s, color 0.3s;\n    }\n\n    ul.navbar li a:hover {\n      background-color: transparent;\n      color: #b26062;\n    }\n\n    ul.submenu {\n      display: none;\n      background-color: #9d2721;\n      position: absolute;\n      list-style: none;\n      margin: 0;\n      padding: 0;\n    }\n\n    ul.navbar li:hover ul.submenu {\n      display: block;\n    }\n    ul.submenu li {\n      margin: 0;\n      padding: 0;\n    }\n\n    ul.submenu li a {\n      padding: 10px 20px;\n      display: block;\n      color: #fff;\n      text-decoration: none;\n      transition: background-color 0.3s, color 0.3s;\n    }\n    ul.submenu li a:hover {\n      background-color: #fff;\n      color: #9d2721;\n    }\n    .navbarContainer{\n        margin: 30px 0px 30px 0px;\n        margin-left: auto; \n        margin-right: 100px;\n    }\n    .customLink{\n        color: #9d2721;\n    }\n    \n    .customLink:hover{\n        color: #212529;\n    }\n    <\/style>\n    <\/head>\n    <body>\n        <section style=\"font-family: 'Montserrat Medium', sans-serif;\">\n            <section style=\"background-color: #781113\">\n                <div class=\"d-flex\">\n                    <div> \n                        <a href=\"https:\/\/diyps.catolica.edu.sv\/investiga\/\"><img decoding=\"async\" src=\"https:\/\/diyps.catolica.edu.sv\/investiga\/wp-content\/uploads\/2023\/11\/UNICAES_Logo3.png\" style=\"width: 290px; margin: 30px 50px;\"><\/a>\n                    <\/div>\n                    <div class=\"navbarContainer\">\n                        <ul class=\"navbar\">\n                            <li><a href=\"https:\/\/diyps.catolica.edu.sv\/investiga\/nosotros\/\">Nosotros<\/a><\/li>\n                            <li>\n                            <a href=\"https:\/\/diyps.catolica.edu.sv\/investiga\/investigacion\/\">Investigaci\u00f3n<\/a>\n                                <ul class=\"submenu\">\n                                            <li><a href=\"https:\/\/diyps.catolica.edu.sv\/investiga\/areas-de-los-docentes-investigadores\/\">Docentes investigadores<\/a><\/li>\n                                            <li><a href=\"https:\/\/diyps.catolica.edu.sv\/investiga\/facultades\/\">Facultades<\/a><\/li>\n                                            <li><a href=\"https:\/\/diyps.catolica.edu.sv\/investiga\/sello-editorial\/\">Editorial<\/a><\/li>\n                                <\/ul>\n                            <\/li>\n                            <li>\n                                <a href=\"https:\/\/diyps.catolica.edu.sv\/investiga\/proyeccion-social\/\">Proyecci\u00f3n Social<\/a>\n                                <ul class=\"submenu\">\n                                    <li><a href=\"https:\/\/diyps.catolica.edu.sv\/investiga\/modalidades\/\">Modalidades<\/a><\/li>\n                                    <li><a href=\"https:\/\/diyps.catolica.edu.sv\/investiga\/un-compromiso-con-la-sociedad\/\">Proyectos<\/a><\/li>\n                                <\/ul>\n                            <\/li>\n                            <li><a href=\"https:\/\/diyps.catolica.edu.sv\/investiga\/contacto\/\">Contacto<\/a><\/li>\n                        <\/ul>\n                    <\/div>\n                <\/div>\n            <\/section>\n            <section style=\"background-color: #9d2721\">\n                <div class=\"container text-center align-items-center p-3\">\n                    <h1 class=\"display-5\" style=\"color: white; font-family: 'Montserrat black', Sans-Serif;\">ANUARIO DE INVESTIGACI\u00d3N<\/h1>\n                <\/div>\n            <\/section>\n            <section>\n                <div class=\"container\">\n                  <div class=\"row\">\n                    <div class=\"col-2\">\n                      \n                    <\/div>\n                    <div class=\"col-8\">\n                        <div class=\"container border-start border-end border-bottom pb-5\">\n                            <div class=\"container d-flex pt-4 pb-4\">\n                                <img decoding=\"async\" class=\"container\" style=\"width: 25%;\" src=\"https:\/\/diyps.catolica.edu.sv\/investiga\/wp-content\/uploads\/2023\/11\/logoAnuarioInve.jpg\">\n                                <p class=\"container\" style=\"text-align: justify;\">\n                                    El Anuario de Investigaci\u00f3n de la Universidad Cat\u00f3lica de El Salvador es un medio de difusi\u00f3n cient\u00ed\ufb01ca para la comunidad acad\u00e9mica de periodicidad anual. La \ufb01nalidad de esta publicaci\u00f3n es generar un espacio de difusi\u00f3n, en el que los docentes investigadores de la Universidad puedan publicar art\u00edculos originales, producto de las investigaciones que realizan.\n                                <\/p>\n                            <\/div>\n                            <div class=\"container pt-3 pb-3\" style=\"font-family: 'Montserrat SemiBold', sans-serif;\">\n                                <h5 style=\"color: #9d2721;\">N\u00famero actual<\/h5>\n                            <\/div>\n                            <div class=\"container\"> \n                                <p><span style=\"font-weight: bold;\">Vol. 12 N\u00fam. 1 (2023)<\/span><\/p>\n                            <\/div>\n                                <div class=\"container d-flex\">\n                                    <img decoding=\"async\" src=\"https:\/\/diyps.catolica.edu.sv\/investiga\/wp-content\/uploads\/2023\/11\/test4.jpg\" style=\"width: 25%;\">\n                                    <p class=\"p-4\"><span style=\"font-weight: bold;\">Publicado: <\/span>2023<\/p>\n                                <\/div>\n                        <\/div>\n                        <div class=\"container border-start border-end border-bottom pt-5 pb-5\">\n                            <div class=\"container\">\n                                <p><span style=\"color: #9d2721; font-family: 'Montserrat SemiBold'\">Comit\u00e9 de Arbitraje 2019<\/span><\/p>\n                                <a href=\"https:\/\/diyps.catolica.edu.sv\/investiga\/wp-content\/uploads\/2024\/01\/Arbitros-AN2019.pdf\" type=\"button\" class=\"btn btn-outline-dark\" target=\"_blank\"><i class=\"bi bi-file-earmark-pdf\"><\/i> PDF<\/a>\n                            <\/div>\n                        <\/div>\n                        <div class=\"container border-start border-end pt-5\">\n                                <div class=\"container text-center\"><p>ART\u00cdCULOS<\/p><\/div>\n                                <div class=\"container pt-3\">\n                                    <p><span style=\"color: #9d2721; font-family: 'Montserrat SemiBold'\">Mecanismos que garantizan y protegen el derecho a una vivienda familiar en el departamento de Santa Ana.<\/span><\/p>\n                                    <p>Juan Carlos Orellana Villalobos, Karina Beatriz Orellana Villalobos<\/p>\n                                    <a href=\"https:\/\/diyps.catolica.edu.sv\/investiga\/wp-content\/uploads\/2024\/01\/AI1_2019.pdf\" type=\"button\" class=\"btn btn-outline-dark\" target=\"_blank\"><i class=\"bi bi-file-earmark-pdf\"><\/i> PDF<\/a>\n                                <\/div>\n                                <div class=\"container pt-5\">\n                                    <p><span style=\"color: #9d2721; font-family: 'Montserrat SemiBold'\">Diagn\u00f3stico de aplicaci\u00f3n de un sistema presupuestario como herramienta de gesti\u00f3n administrativa en las empresas industriales del departamento de Santa Ana.<\/span><\/p>\n                                    <p>Felipe Joaqu\u00edn V\u00e1squez G\u00f3mez<\/p>\n                                    <a href=\"https:\/\/diyps.catolica.edu.sv\/investiga\/wp-content\/uploads\/2024\/01\/AI2_2019.pdf\" type=\"button\" class=\"btn btn-outline-dark\"  target=\"_blank\"><i class=\"bi bi-file-earmark-pdf\"><\/i> PDF<\/a>\n                                <\/div>\n                                <div class=\"container pt-5\">\n                                    <p><span style=\"color: #9d2721; font-family: 'Montserrat SemiBold'\">Caracterizaci\u00f3n de las Micro y Peque\u00f1as Empresas del sector Tur\u00edstico y Artesanal, atendidas por el Centro de Desarrollo de la Micro y Peque\u00f1a Empresa de la zona norte de Ahuachap\u00e1n y Santa Ana.<\/span><\/p>\n                                    <p>Roc\u00edo Est\u00e9fani Portillo de Reyes, Ada Roxana Torres de Acevedo<\/p>\n                                    <a href=\"https:\/\/diyps.catolica.edu.sv\/investiga\/wp-content\/uploads\/2024\/01\/AI3_2019.pdf\" type=\"button\" class=\"btn btn-outline-dark\" target=\"_blank\"><i class=\"bi bi-file-earmark-pdf\"><\/i> PDF<\/a>\n                                <\/div>\n                                <div class=\"container pt-5\">\n                                    <p><span style=\"color: #9d2721; font-family: 'Montserrat SemiBold'\">Capital semilla y la ecuaci\u00f3n de inversi\u00f3n en emprendimiento.<\/span><\/p>\n                                    <p>Mauricio Vladimir Uma\u00f1a Ramirez<\/p>\n                                    <a href=\"https:\/\/diyps.catolica.edu.sv\/investiga\/wp-content\/uploads\/2024\/01\/AI4_2019.pdf\" type=\"button\" class=\"btn btn-outline-dark\" target=\"_blank\"><i class=\"bi bi-file-earmark-pdf\"><\/i> PDF<\/a>\n                                <\/div>\n                                <div class=\"container pt-5\">\n                                    <p><span style=\"color: #9d2721; font-family: 'Montserrat SemiBold'\">La inserci\u00f3n laboral en las empresas de la zona occidental de El Salvador.<\/span><\/p>\n                                    <p>Carlos Edmundo Sayes<\/p>\n                                    <a href=\"https:\/\/diyps.catolica.edu.sv\/investiga\/wp-content\/uploads\/2024\/01\/AI5_2019.pdf\" type=\"button\" class=\"btn btn-outline-dark\" target=\"_blank\"><i class=\"bi bi-file-earmark-pdf\"><\/i> PDF<\/a>\n                                <\/div>\n                                <div class=\"container pt-5\">\n                                    <p><span style=\"color: #9d2721; font-family: 'Montserrat SemiBold'\">Conducta de los compradores de artesan\u00edas en la ciudad de Ilobasco.<\/span><\/p>\n                                    <p>Celia Luz Contreras de Mercado, Jos\u00e9 Reynaldo Mart\u00ednez Lozano<\/p>\n                                    <a href=\"https:\/\/diyps.catolica.edu.sv\/investiga\/wp-content\/uploads\/2024\/01\/AI6_2019.pdf\" type=\"button\" class=\"btn btn-outline-dark\" target=\"_blank\"><i class=\"bi bi-file-earmark-pdf\"><\/i> PDF<\/a>\n                                <\/div>\n                                <div class=\"container pt-5\">\n                                    <p><span style=\"color: #9d2721; font-family: 'Montserrat SemiBold'\">Estado de las b\u00f3vedas de la carretera que conduce de Santa Ana a Ahuachap\u00e1n.<\/span><\/p>\n                                    <p>Ana Aracely Quite\u00f1o<\/p>\n                                    <a href=\"https:\/\/diyps.catolica.edu.sv\/investiga\/wp-content\/uploads\/2024\/01\/AI7_2019.pdf\" type=\"button\" class=\"btn btn-outline-dark\" target=\"_blank\"><i class=\"bi bi-file-earmark-pdf\"><\/i> PDF<\/a>\n                                <\/div>\n                                <div class=\"container pt-5\">\n                                    <p><span style=\"color: #9d2721; font-family: 'Montserrat SemiBold'\">Caracterizaci\u00f3n del rubro lechero de El Salvador.<\/span><\/p>\n                                    <p>Roxana A. Palma, Andrea S. Mel\u00e9ndez, Vidal E. Cerritos, V\u00edctor H. Quintana<\/p>\n                                    <a href=\"https:\/\/diyps.catolica.edu.sv\/investiga\/wp-content\/uploads\/2024\/01\/AI8_2019.pdf\" type=\"button\" class=\"btn btn-outline-dark\" target=\"_blank\"><i class=\"bi bi-file-earmark-pdf\"><\/i> PDF<\/a>\n                                <\/div>\n                                <div class=\"container pt-5\">\n                                    <p><span style=\"color: #9d2721; font-family: 'Montserrat SemiBold'\">Alternativas para la gesti\u00f3n de residuos s\u00f3lidos en la Universidad Cat\u00f3lica de El Salvador.<\/span><\/p>\n                                    <p>Claudia Roxana D\u00edaz Del \u00c1guila, Jonathan Hern\u00e1n Rodr\u00edguez Guirola<\/p>\n                                    <a href=\"https:\/\/diyps.catolica.edu.sv\/investiga\/wp-content\/uploads\/2024\/01\/AI9_2019.pdf\" type=\"button\" class=\"btn btn-outline-dark\" target=\"_blank\"><i class=\"bi bi-file-earmark-pdf\"><\/i> PDF<\/a>\n                                <\/div>\n                                <div class=\"container pt-5\">\n                                    <p><span style=\"color: #9d2721; font-family: 'Montserrat SemiBold'\">Estimulaci\u00f3n temprana y neurodesarrollo en la primera infancia.<\/span><\/p>\n                                    <p>Marlyn Roc\u00edo Calidonio Flores, Yanci Yamileth Gald\u00e1mez Hern\u00e1ndez<\/p>\n                                    <a href=\"https:\/\/diyps.catolica.edu.sv\/investiga\/wp-content\/uploads\/2024\/01\/AI10_2019.pdf\" type=\"button\" class=\"btn btn-outline-dark\" target=\"_blank\"><i class=\"bi bi-file-earmark-pdf\"><\/i> PDF<\/a>\n                                <\/div>\n                        <\/div>\n                        <div class=\"container border-start border-end pt-5 pb-5 text-center\">\n                            <a class=\"customLink\" href=\"https:\/\/diyps.catolica.edu.sv\/investiga\/anuario-de-investigacion\/\" target=\"_blank\">Ver todos los n\u00fameros <i class=\"bi bi-arrow-right-circle\"><\/i><\/a>\n                        <\/div>\n                    <\/div>\n                    <div class=\"col pt-4\">\n                      <!--<p>Informaci\u00f3n<\/p>\n                      <a class=\"customLink\" href=\"\">Para lectores\/as<\/a><br>\n                      <a class=\"customLink\" href=\"\">Para autores\/as<\/a><br>\n                      <a class=\"customLink\" href=\"\">Para bibliotecarios\/as<\/a><br>\n                      <br><p>Idioma<\/p>\n                      <a class=\"customLink\" href=\"\">Ingl\u00e9s<\/a><br>\n                      <a class=\"customLink\" href=\"\">Espa\u00f1ol<\/a>-->\n                    <\/div>\n                  <\/div>\n                <\/div>\n            <\/section>\n            <section style=\"background-color: #dee2e6\">\n            <div class=\"container text-center pt-3 pb-1 align-items-center justify-content-center\">\n                <p>Anuario de Investigaci\u00f3n: Universidad Cat\u00f3lica de El Salvador<br>\n                    ISSN 2227-4235 eISSN 2518-802X<\/p>\n            <\/div>\n        <\/section>\n        <\/section>\n        <footer style=\"font-family: 'Montserrat', sans-serif;\">\n                <div class=\"d-flex p-1\" style=\"font-size: 11.4pt; background-color:#971C1F;\">\n                    <div class=\"p-2\">\n                        <a style=\"color: white;\" href=\"https:\/\/catolica.edu.sv\/\" target=\"_blank\" rel=\"noopener\">UNICAES<\/a>\n                    <\/div>\n                    <div class=\"p-2\">\n                        <a style=\"color: white;\" href=\"https:\/\/diyps.catolica.edu.sv\/investiga\/politica-privacidad\/\" target=\"_blank\" rel=\"noopener\">Pol\u00edticas<\/a>\n                    <\/div>\n                    <div class=\"p-2\">\n                        <a style=\"color: white;\" href=\"https:\/\/bibliotecaunicaes.catolica.edu.sv\/\" target=\"_blank\" rel=\"noopener\">Biblioteca Miguel de Cervantes<\/a>\n                    <\/div>\n                <\/div>\n            <\/footer>\n        <script src=\"https:\/\/cdn.jsdelivr.net\/npm\/bootstrap@5.3.2\/dist\/js\/bootstrap.bundle.min.js\" integrity=\"sha384-C6RzsynM9kWDrMNeT87bh95OGNyZPhcTNXj1NW7RuBCsyN\/o0jlpcV8Qyq46cDfL\" crossorigin=\"anonymous\"><\/script>\n    <\/body>\n<\/html>\n\t\t<\/div>\n\t\t\t\t<\/div>\n\t\t\t\t<\/div>\n\t\t\t\t\t\t\t<\/div>\n\t\t","protected":false},"excerpt":{"rendered":"<p>Nosotros Investigaci\u00f3n Docentes investigadores Facultades Editorial Proyecci\u00f3n Social Modalidades Proyectos Contacto ANUARIO DE INVESTIGACI\u00d3N El Anuario de Investigaci\u00f3n de la Universidad Cat\u00f3lica de El Salvador es un medio de difusi\u00f3n cient\u00ed\ufb01ca para la comunidad acad\u00e9mica de periodicidad anual. La \ufb01nalidad de esta publicaci\u00f3n es generar un espacio de difusi\u00f3n, en el que los docentes investigadores [&hellip;]<\/p>\n","protected":false},"author":2,"featured_media":0,"parent":0,"menu_order":0,"comment_status":"closed","ping_status":"closed","template":"elementor_canvas","meta":{"footnotes":""},"class_list":["post-2351","page","type-page","status-publish","hentry"],"_links":{"self":[{"href":"https:\/\/diyps.catolica.edu.sv\/investiga\/wp-json\/wp\/v2\/pages\/2351","targetHints":{"allow":["GET"]}}],"collection":[{"href":"https:\/\/diyps.catolica.edu.sv\/investiga\/wp-json\/wp\/v2\/pages"}],"about":[{"href":"https:\/\/diyps.catolica.edu.sv\/investiga\/wp-json\/wp\/v2\/types\/page"}],"author":[{"embeddable":true,"href":"https:\/\/diyps.catolica.edu.sv\/investiga\/wp-json\/wp\/v2\/users\/2"}],"replies":[{"embeddable":true,"href":"https:\/\/diyps.catolica.edu.sv\/investiga\/wp-json\/wp\/v2\/comments?post=2351"}],"version-history":[{"count":18,"href":"https:\/\/diyps.catolica.edu.sv\/investiga\/wp-json\/wp\/v2\/pages\/2351\/revisions"}],"predecessor-version":[{"id":3848,"href":"https:\/\/diyps.catolica.edu.sv\/investiga\/wp-json\/wp\/v2\/pages\/2351\/revisions\/3848"}],"wp:attachment":[{"href":"https:\/\/diyps.catolica.edu.sv\/investiga\/wp-json\/wp\/v2\/media?parent=2351"}],"curies":[{"name":"wp","href":"https:\/\/api.w.org\/{rel}","templated":true}]}}