{"id":2336,"date":"2024-01-28T00:56:29","date_gmt":"2024-01-27T23:56:29","guid":{"rendered":"https:\/\/diyps.catolica.edu.sv\/investiga\/?page_id=2336"},"modified":"2024-05-07T22:22:40","modified_gmt":"2024-05-07T20:22:40","slug":"repositorio-anuario-de-investigacion-2020","status":"publish","type":"page","link":"https:\/\/diyps.catolica.edu.sv\/investiga\/repositorio-anuario-de-investigacion-2020\/","title":{"rendered":"Repositorio Anuario de Investigaci\u00f3n 2020"},"content":{"rendered":"\t\t<div data-elementor-type=\"wp-page\" data-elementor-id=\"2336\" class=\"elementor elementor-2336\">\n\t\t\t\t\t\t\t<div class=\"elementor-element elementor-element-eeebbfc e-con-full e-flex e-con e-parent\" data-id=\"eeebbfc\" data-element_type=\"container\" data-settings=\"{&quot;content_width&quot;:&quot;full&quot;}\" data-core-v316-plus=\"true\">\n\t\t\t\t<div class=\"elementor-element elementor-element-326ecea elementor-widget elementor-widget-html\" data-id=\"326ecea\" data-element_type=\"widget\" data-widget_type=\"html.default\">\n\t\t\t\t<div class=\"elementor-widget-container\">\n\t\t\t<!DOCTYPE html>\n<html lang=\"es\">\n    <head>\n        <meta charset=\"utf-8\">\n        <meta name=\"viewport\" content=\"width=device-width, initial-scale=1\">\n        <link rel=\"preconnect\" href=\"https:\/\/fonts.googleapis.com\">\n        <link rel=\"preconnect\" href=\"https:\/\/fonts.gstatic.com\" crossorigin>\n        \n        <link href=\"https:\/\/cdn.jsdelivr.net\/npm\/bootstrap@5.3.2\/dist\/css\/bootstrap.min.css\" rel=\"stylesheet\" integrity=\"sha384-T3c6CoIi6uLrA9TneNEoa7RxnatzjcDSCmG1MXxSR1GAsXEV\/Dwwykc2MPK8M2HN\" crossorigin=\"anonymous\">\n        <link rel=\"stylesheet\" href=\"https:\/\/cdn.jsdelivr.net\/npm\/bootstrap-icons@1.11.3\/font\/bootstrap-icons.min.css\">\n    <style>\n    header {\n      background-color: transparent;\n      color: #000;\n    }\n\n    ul.navbar {\n      list-style-type: none;\n      margin: 0;\n      padding: 0;\n      display: flex;\n    }\n\n    ul.navbar li {\n      margin: 0;\n      padding: 0;\n    }\n    ul.navbar li a {\n      display: block;\n      padding: 20px 20px;\n      text-decoration: none;\n      color: #fff;\n      transition: background-color 0.3s, color 0.3s;\n    }\n\n    ul.navbar li a:hover {\n      background-color: transparent;\n      color: #b26062;\n    }\n\n    ul.submenu {\n      display: none;\n      background-color: #9d2721;\n      position: absolute;\n      list-style: none;\n      margin: 0;\n      padding: 0;\n    }\n\n    ul.navbar li:hover ul.submenu {\n      display: block;\n    }\n    ul.submenu li {\n      margin: 0;\n      padding: 0;\n    }\n\n    ul.submenu li a {\n      padding: 10px 20px;\n      display: block;\n      color: #fff;\n      text-decoration: none;\n      transition: background-color 0.3s, color 0.3s;\n    }\n    ul.submenu li a:hover {\n      background-color: #fff;\n      color: #9d2721;\n    }\n    .navbarContainer{\n        margin: 30px 0px 30px 0px;\n        margin-left: auto; \n        margin-right: 100px;\n    }\n    .customLink{\n        color: #9d2721;\n    }\n    \n    .customLink:hover{\n        color: #212529;\n    }\n    <\/style>\n    <\/head>\n    <body>\n        <section style=\"font-family: 'Montserrat Medium', sans-serif;\">\n            <section style=\"background-color: #781113\">\n                <div class=\"d-flex\">\n                    <div> \n                        <a href=\"https:\/\/diyps.catolica.edu.sv\/investiga\/\"><img decoding=\"async\" src=\"https:\/\/diyps.catolica.edu.sv\/investiga\/wp-content\/uploads\/2023\/11\/UNICAES_Logo3.png\" style=\"width: 290px; margin: 30px 50px;\"><\/a>\n                    <\/div>\n                    <div class=\"navbarContainer\">\n                        <ul class=\"navbar\">\n                            <li><a href=\"https:\/\/diyps.catolica.edu.sv\/investiga\/nosotros\/\">Nosotros<\/a><\/li>\n                            <li>\n                            <a href=\"https:\/\/diyps.catolica.edu.sv\/investiga\/investigacion\/\">Investigaci\u00f3n<\/a>\n                                <ul class=\"submenu\">\n                                            <li><a href=\"https:\/\/diyps.catolica.edu.sv\/investiga\/areas-de-los-docentes-investigadores\/\">Docentes investigadores<\/a><\/li>\n                                            <li><a href=\"https:\/\/diyps.catolica.edu.sv\/investiga\/facultades\/\">Facultades<\/a><\/li>\n                                            <li><a href=\"https:\/\/diyps.catolica.edu.sv\/investiga\/sello-editorial\/\">Editorial<\/a><\/li>\n                                <\/ul>\n                            <\/li>\n                            <li>\n                                <a href=\"https:\/\/diyps.catolica.edu.sv\/investiga\/proyeccion-social\/\">Proyecci\u00f3n Social<\/a>\n                                <ul class=\"submenu\">\n                                    <li><a href=\"https:\/\/diyps.catolica.edu.sv\/investiga\/modalidades\/\">Modalidades<\/a><\/li>\n                                    <li><a href=\"https:\/\/diyps.catolica.edu.sv\/investiga\/un-compromiso-con-la-sociedad\/\">Proyectos<\/a><\/li>\n                                <\/ul>\n                            <\/li>\n                            <li><a href=\"https:\/\/diyps.catolica.edu.sv\/investiga\/contacto\/\">Contacto<\/a><\/li>\n                        <\/ul>\n                    <\/div>\n                <\/div>\n            <\/section>\n            <section style=\"background-color: #9d2721\">\n                <div class=\"container text-center align-items-center p-3\">\n                    <h1 class=\"display-5\" style=\"color: white; font-family: 'Montserrat black', Sans-Serif;\">ANUARIO DE INVESTIGACI\u00d3N<\/h1>\n                <\/div>\n            <\/section>\n            <section>\n                <div class=\"container\">\n                  <div class=\"row\">\n                    <div class=\"col-2\">\n                      \n                    <\/div>\n                    <div class=\"col-8\">\n                        <div class=\"container border-start border-end border-bottom pb-5\">\n                            <div class=\"container d-flex pt-4 pb-4\">\n                                <img decoding=\"async\" class=\"container\" style=\"width: 25%;\" src=\"https:\/\/diyps.catolica.edu.sv\/investiga\/wp-content\/uploads\/2023\/11\/logoAnuarioInve.jpg\">\n                                <p class=\"container\" style=\"text-align: justify;\">\n                                    El Anuario de Investigaci\u00f3n de la Universidad Cat\u00f3lica de El Salvador es un medio de difusi\u00f3n cient\u00ed\ufb01ca para la comunidad acad\u00e9mica de periodicidad anual. La \ufb01nalidad de esta publicaci\u00f3n es generar un espacio de difusi\u00f3n, en el que los docentes investigadores de la Universidad puedan publicar art\u00edculos originales, producto de las investigaciones que realizan.\n                                <\/p>\n                            <\/div>\n                            <div class=\"container pt-3 pb-3\" style=\"font-family: 'Montserrat SemiBold', sans-serif;\">\n                                <h5 style=\"color: #9d2721;\">N\u00famero actual<\/h5>\n                            <\/div>\n                            <div class=\"container\"> \n                                <p><span style=\"font-weight: bold;\">Vol. 12 N\u00fam. 1 (2023)<\/span><\/p>\n                            <\/div>\n                                <div class=\"container d-flex\">\n                                    <img decoding=\"async\" src=\"https:\/\/diyps.catolica.edu.sv\/investiga\/wp-content\/uploads\/2023\/11\/test4.jpg\" style=\"width: 25%;\">\n                                    <p class=\"p-4\"><span style=\"font-weight: bold;\">Publicado: <\/span>2023<\/p>\n                                <\/div>\n                        <\/div>\n                        <div class=\"container border-start border-end border-bottom pt-5 pb-5\">\n                            <div class=\"container\">\n                                <p><span style=\"color: #9d2721; font-family: 'Montserrat SemiBold'\">Comit\u00e9 de Arbitraje 2020<\/span><\/p>\n                                <a href=\"\" type=\"button\" class=\"btn btn-outline-dark\" target=\"_blank\"><i class=\"bi bi-file-earmark-pdf\"><\/i> PDF<\/a>\n                            <\/div>\n                        <\/div>\n                        <div class=\"container border-start border-end pt-5\">\n                                <div class=\"container text-center\"><p>ART\u00cdCULOS<\/p><\/div>\n                                <div class=\"container pt-3\">\n                                    <p><span style=\"color: #9d2721; font-family: 'Montserrat SemiBold'\">Mecanismos que garantizan la inscripci\u00f3n temprana del reci\u00e9n nacido en el Registro del Estado Familiar como forma de tutelar su derecho a la identidad en la ciudad de Santa Ana.<\/span><\/p>\n                                    <p>Juan Carlos Orellana Villalobos, Karina Beatriz Orellana Villalobos<\/p>\n                                    <a href=\"https:\/\/diyps.catolica.edu.sv\/investiga\/wp-content\/uploads\/2024\/01\/1-Mecanismos-AN20.pdf\" type=\"button\" class=\"btn btn-outline-dark\" target=\"_blank\"><i class=\"bi bi-file-earmark-pdf\"><\/i> PDF<\/a>\n                                <\/div>\n                                <div class=\"container pt-5\">\n                                    <p><span style=\"color: #9d2721; font-family: 'Montserrat SemiBold'\">An\u00e1lisis de necesidades de metodolog\u00eda docente y actitud de aprendizaje del idioma ingl\u00e9s.<\/span><\/p>\n                                    <p>Maricela Astrid Hern\u00e1ndez Tamacas<\/p>\n                                    <a href=\"https:\/\/diyps.catolica.edu.sv\/investiga\/wp-content\/uploads\/2024\/01\/2-Necesidades-AN20-1.pdf\" type=\"button\" class=\"btn btn-outline-dark\"  target=\"_blank\"><i class=\"bi bi-file-earmark-pdf\"><\/i> PDF<\/a>\n                                <\/div>\n                                <div class=\"container pt-5\">\n                                    <p><span style=\"color: #9d2721; font-family: 'Montserrat SemiBold'\">Aplicaci\u00f3n de herramientas digitales para la construcci\u00f3n y consolidaci\u00f3n de aprendizajes en la asignatura Desarrollo Curricular de Ciencias Sociales I.<\/span><\/p>\n                                    <p>Tatiana Karina Arag\u00f3n Aguilar<\/p>\n                                    <a href=\"https:\/\/diyps.catolica.edu.sv\/investiga\/wp-content\/uploads\/2024\/01\/3-Aplicacion-AN20-1.pdf\" type=\"button\" class=\"btn btn-outline-dark\" target=\"_blank\"><i class=\"bi bi-file-earmark-pdf\"><\/i> PDF<\/a>\n                                <\/div>\n                                <div class=\"container pt-5\">\n                                    <p><span style=\"color: #9d2721; font-family: 'Montserrat SemiBold'\">Pr\u00e1ctica por computadora y aprendizaje del idioma ingl\u00e9s.<\/span><\/p>\n                                    <p>Vilma Lisseth Majano Garc\u00eda<\/p>\n                                    <a href=\"https:\/\/diyps.catolica.edu.sv\/investiga\/wp-content\/uploads\/2024\/01\/4-Practica-AN20-1.pdf\" type=\"button\" class=\"btn btn-outline-dark\" target=\"_blank\"><i class=\"bi bi-file-earmark-pdf\"><\/i> PDF<\/a>\n                                <\/div>\n                                <div class=\"container pt-5\">\n                                    <p><span style=\"color: #9d2721; font-family: 'Montserrat SemiBold'\">Simulaci\u00f3n cl\u00ednica en la formaci\u00f3n de estudiantes de Enfermer\u00eda de la Universidad Cat\u00f3lica de El Salvador.<\/span><\/p>\n                                    <p>Marlyn Roc\u00edo Calidonio Flores, Yanci Yamileth Gald\u00e1mez Hern\u00e1ndez<\/p>\n                                    <a href=\"https:\/\/diyps.catolica.edu.sv\/investiga\/wp-content\/uploads\/2024\/01\/5-Simulacion-AN20-1.pdf\" type=\"button\" class=\"btn btn-outline-dark\" target=\"_blank\"><i class=\"bi bi-file-earmark-pdf\"><\/i> PDF<\/a>\n                                <\/div>\n                                <div class=\"container pt-5\">\n                                    <p><span style=\"color: #9d2721; font-family: 'Montserrat SemiBold'\">Cambios en la formaci\u00f3n de Enfermer\u00eda en El Salvador a partir de la Reforma Educativa de 1994.<\/span><\/p>\n                                    <p>Paula Yanira Palencia, \u00darsula Guadalupe Rodr\u00edguez Mej\u00eda, Juan Jos\u00e9 L\u00f3pez, Rosario Am\u00e9rica Nieto Menj\u00edvar<\/p>\n                                    <a href=\"https:\/\/diyps.catolica.edu.sv\/investiga\/wp-content\/uploads\/2024\/01\/6-Cambios-AN20-1.pdf\" type=\"button\" class=\"btn btn-outline-dark\" target=\"_blank\"><i class=\"bi bi-file-earmark-pdf\"><\/i> PDF<\/a>\n                                <\/div>\n                                <div class=\"container pt-5\">\n                                    <p><span style=\"color: #9d2721; font-family: 'Montserrat SemiBold'\">Desarrollo de una propuesta de est\u00e1ndar de calidad en la l\u00ednea de calzado escolar.<\/span><\/p>\n                                    <p>Alba Yaneth G\u00f3chez Mart\u00ednez, Jasm\u00edn Roc\u00edo Retana de Alem\u00e1n, Alfredo de Jes\u00fas Grande S\u00e1nchez<\/p>\n                                    <a href=\"https:\/\/diyps.catolica.edu.sv\/investiga\/wp-content\/uploads\/2024\/01\/7-Calzado-AN20-1.pdf\" type=\"button\" class=\"btn btn-outline-dark\" target=\"_blank\"><i class=\"bi bi-file-earmark-pdf\"><\/i> PDF<\/a>\n                                <\/div>\n                                <div class=\"container pt-5\">\n                                    <p><span style=\"color: #9d2721; font-family: 'Montserrat SemiBold'\">Influencia de las tecnolog\u00edas de la informaci\u00f3n y la comunicaci\u00f3n en la gesti\u00f3n interna de las empresas asesoradas por el Centro de Desarrollo de la Micro y Peque\u00f1a Empresa de Santa Ana.<\/span><\/p>\n                                    <p>Carlos Edmundo Sayes, \n                                Vidal Enrique Cerritos Maga\u00f1a<\/p>\n                                    <a href=\"https:\/\/diyps.catolica.edu.sv\/investiga\/wp-content\/uploads\/2024\/01\/8-Gestion-AN20-1.pdf\" type=\"button\" class=\"btn btn-outline-dark\" target=\"_blank\"><i class=\"bi bi-file-earmark-pdf\"><\/i> PDF<\/a>\n                                <\/div>\n                                <div class=\"container pt-5\">\n                                    <p><span style=\"color: #9d2721; font-family: 'Montserrat SemiBold'\">Midiendo el impacto del valor compartido: el caso de negocios.<\/span><\/p>\n                                    <p>Mauricio Vladimir Uma\u00f1a Ram\u00edrez<\/p>\n                                    <a href=\"https:\/\/diyps.catolica.edu.sv\/investiga\/wp-content\/uploads\/2024\/01\/9-Impacto-AN20-1.pdf\" type=\"button\" class=\"btn btn-outline-dark\" target=\"_blank\"><i class=\"bi bi-file-earmark-pdf\"><\/i> PDF<\/a>\n                                <\/div>\n                                <div class=\"container pt-5\">\n                                    <p><span style=\"color: #9d2721; font-family: 'Montserrat SemiBold'\">La innovaci\u00f3n de las empresas tur\u00edsticas en El Salvador.<\/span><\/p>\n                                    <p>Roc\u00edo Est\u00e9fani Portillo de Reyes, V\u00edctor Hugo Quintana Garc\u00eda, Ada Roxana Torres de Acevedo<\/p>\n                                    <a href=\"https:\/\/diyps.catolica.edu.sv\/investiga\/wp-content\/uploads\/2024\/01\/9-Impacto-AN20-1.pdf\" type=\"button\" class=\"btn btn-outline-dark\" target=\"_blank\"><i class=\"bi bi-file-earmark-pdf\"><\/i> PDF<\/a>\n                                <\/div>\n                        <\/div>\n                        <div class=\"container border-start border-end pt-5 pb-5 text-center\">\n                            <a class=\"customLink\" href=\"https:\/\/diyps.catolica.edu.sv\/investiga\/anuario-de-investigacion\/\" target=\"_blank\">Ver todos los n\u00fameros <i class=\"bi bi-arrow-right-circle\"><\/i><\/a>\n                        <\/div>\n                    <\/div>\n                    <div class=\"col pt-4\">\n                      <!--<p>Informaci\u00f3n<\/p>\n                      <a class=\"customLink\" href=\"\">Para lectores\/as<\/a><br>\n                      <a class=\"customLink\" href=\"\">Para autores\/as<\/a><br>\n                      <a class=\"customLink\" href=\"\">Para bibliotecarios\/as<\/a><br>\n                      <br><p>Idioma<\/p>\n                      <a class=\"customLink\" href=\"\">Ingl\u00e9s<\/a><br>\n                      <a class=\"customLink\" href=\"\">Espa\u00f1ol<\/a>-->\n                    <\/div>\n                  <\/div>\n                <\/div>\n            <\/section>\n            <section style=\"background-color: #dee2e6\">\n            <div class=\"container text-center pt-3 pb-1 align-items-center justify-content-center\">\n                <p>Anuario de Investigaci\u00f3n: Universidad Cat\u00f3lica de El Salvador<br>\n                    ISSN 2227-4235 eISSN 2518-802X<\/p>\n            <\/div>\n        <\/section>\n        <\/section>\n        <footer style=\"font-family: 'Montserrat', sans-serif;\">\n                <div class=\"d-flex p-1\" style=\"font-size: 11.4pt; background-color:#971C1F;\">\n                    <div class=\"p-2\">\n                        <a style=\"color: white;\" href=\"https:\/\/catolica.edu.sv\/\" target=\"_blank\" rel=\"noopener\">UNICAES<\/a>\n                    <\/div>\n                    <div class=\"p-2\">\n                        <a style=\"color: white;\" href=\"https:\/\/diyps.catolica.edu.sv\/investiga\/politica-privacidad\/\" target=\"_blank\" rel=\"noopener\">Pol\u00edticas<\/a>\n                    <\/div>\n                    <div class=\"p-2\">\n                        <a style=\"color: white;\" href=\"https:\/\/bibliotecaunicaes.catolica.edu.sv\/\" target=\"_blank\" rel=\"noopener\">Biblioteca Miguel de Cervantes<\/a>\n                    <\/div>\n                <\/div>\n            <\/footer>\n        <script src=\"https:\/\/cdn.jsdelivr.net\/npm\/bootstrap@5.3.2\/dist\/js\/bootstrap.bundle.min.js\" integrity=\"sha384-C6RzsynM9kWDrMNeT87bh95OGNyZPhcTNXj1NW7RuBCsyN\/o0jlpcV8Qyq46cDfL\" crossorigin=\"anonymous\"><\/script>\n    <\/body>\n<\/html>\t\t<\/div>\n\t\t\t\t<\/div>\n\t\t\t\t<\/div>\n\t\t\t\t\t\t\t<\/div>\n\t\t","protected":false},"excerpt":{"rendered":"<p>Nosotros Investigaci\u00f3n Docentes investigadores Facultades Editorial Proyecci\u00f3n Social Modalidades Proyectos Contacto ANUARIO DE INVESTIGACI\u00d3N El Anuario de Investigaci\u00f3n de la Universidad Cat\u00f3lica de El Salvador es un medio de difusi\u00f3n cient\u00ed\ufb01ca para la comunidad acad\u00e9mica de periodicidad anual. La \ufb01nalidad de esta publicaci\u00f3n es generar un espacio de difusi\u00f3n, en el que los docentes investigadores [&hellip;]<\/p>\n","protected":false},"author":2,"featured_media":0,"parent":0,"menu_order":0,"comment_status":"closed","ping_status":"closed","template":"elementor_canvas","meta":{"footnotes":""},"class_list":["post-2336","page","type-page","status-publish","hentry"],"_links":{"self":[{"href":"https:\/\/diyps.catolica.edu.sv\/investiga\/wp-json\/wp\/v2\/pages\/2336","targetHints":{"allow":["GET"]}}],"collection":[{"href":"https:\/\/diyps.catolica.edu.sv\/investiga\/wp-json\/wp\/v2\/pages"}],"about":[{"href":"https:\/\/diyps.catolica.edu.sv\/investiga\/wp-json\/wp\/v2\/types\/page"}],"author":[{"embeddable":true,"href":"https:\/\/diyps.catolica.edu.sv\/investiga\/wp-json\/wp\/v2\/users\/2"}],"replies":[{"embeddable":true,"href":"https:\/\/diyps.catolica.edu.sv\/investiga\/wp-json\/wp\/v2\/comments?post=2336"}],"version-history":[{"count":21,"href":"https:\/\/diyps.catolica.edu.sv\/investiga\/wp-json\/wp\/v2\/pages\/2336\/revisions"}],"predecessor-version":[{"id":3845,"href":"https:\/\/diyps.catolica.edu.sv\/investiga\/wp-json\/wp\/v2\/pages\/2336\/revisions\/3845"}],"wp:attachment":[{"href":"https:\/\/diyps.catolica.edu.sv\/investiga\/wp-json\/wp\/v2\/media?parent=2336"}],"curies":[{"name":"wp","href":"https:\/\/api.w.org\/{rel}","templated":true}]}}