{"id":2,"date":"2023-10-06T18:34:48","date_gmt":"2023-10-06T16:34:48","guid":{"rendered":"https:\/\/diyps.catolica.edu.sv\/investiga\/?page_id=2"},"modified":"2024-04-14T22:20:44","modified_gmt":"2024-04-14T20:20:44","slug":"nosotros","status":"publish","type":"page","link":"https:\/\/diyps.catolica.edu.sv\/investiga\/nosotros\/","title":{"rendered":"Nosotros"},"content":{"rendered":"\t\t<div data-elementor-type=\"wp-page\" data-elementor-id=\"2\" class=\"elementor elementor-2\">\n\t\t\t\t\t\t\t<div class=\"elementor-element elementor-element-c74b5fe e-con-full e-flex e-con e-parent\" data-id=\"c74b5fe\" data-element_type=\"container\" data-settings=\"{&quot;content_width&quot;:&quot;full&quot;}\" data-core-v316-plus=\"true\">\n\t\t\t\t<div class=\"elementor-element elementor-element-b5d5a42 elementor-widget elementor-widget-html\" data-id=\"b5d5a42\" data-element_type=\"widget\" data-widget_type=\"html.default\">\n\t\t\t\t<div class=\"elementor-widget-container\">\n\t\t\t<!DOCTYPE html>\r\n<html lang=\"es\">\r\n    <head>\r\n        <meta charset=\"utf-8\">\r\n        <meta name=\"viewport\" content=\"width=device-width, initial-scale=1\">\r\n        <link href=\"https:\/\/cdn.jsdelivr.net\/npm\/bootstrap@5.3.2\/dist\/css\/bootstrap.min.css\" rel=\"stylesheet\" integrity=\"sha384-T3c6CoIi6uLrA9TneNEoa7RxnatzjcDSCmG1MXxSR1GAsXEV\/Dwwykc2MPK8M2HN\" crossorigin=\"anonymous\">\r\n        <link rel=\"preconnect\" href=\"https:\/\/fonts.googleapis.com\">\r\n        <link rel=\"preconnect\" href=\"https:\/\/fonts.gstatic.com\" crossorigin>\r\n    <style>\r\n    header {\r\n      background-color: #fff;\r\n      color: #000;\r\n    }\r\n\r\n    ul.navbar {\r\n      list-style-type: none;\r\n      margin: 0;\r\n      padding: 0;\r\n      display: flex;\r\n    }\r\n\r\n    ul.navbar li {\r\n      margin: 0;\r\n      padding: 0;\r\n    }\r\n    ul.navbar li a {\r\n      display: block;\r\n      padding: 20px 20px;\r\n      text-decoration: none;\r\n      color: #000;\r\n      transition: background-color 0.3s, color 0.3s;\r\n    }\r\n\r\n    ul.navbar li a:hover {\r\n      background-color: #fff;\r\n      color: #9d2721;\r\n    }\r\n\r\n    ul.submenu {\r\n      display: none;\r\n      background-color: #9d2721;\r\n      position: absolute;\r\n      list-style: none;\r\n      margin: 0;\r\n      padding: 0;\r\n    }\r\n\r\n    ul.navbar li:hover ul.submenu {\r\n      display: block;\r\n    }\r\n    ul.submenu li {\r\n      margin: 0;\r\n      padding: 0;\r\n    }\r\n\r\n    ul.submenu li a {\r\n      padding: 10px 20px;\r\n      display: block;\r\n      color: #fff;\r\n      text-decoration: none;\r\n      transition: background-color 0.3s, color 0.3s;\r\n    }\r\n    ul.submenu li a:hover {\r\n      background-color: #fff;\r\n      color: #9d2721;\r\n    }\r\n    .navbarContainer{\r\n        margin: 30px 0px;\r\n        margin-left: auto; \r\n        margin-right: 100px;\r\n    }\r\n    .container{\r\n        padding-top: 2%;\r\n        padding-bottom: 2%;\r\n    }\r\n    .imagenes{\r\n        margin:0px 70px;\r\n        width: 300px;\r\n    }\r\n    <\/style>\r\n    <\/head>\r\n    <body>\r\n        <section style=\"font-family: 'Montserrat Medium', sans-serif;\">\r\n            <section>\r\n                <div class=\"d-flex\">\r\n                    <div> \r\n                        <a href=\"https:\/\/diyps.catolica.edu.sv\/investiga\/\">\r\n                        <img decoding=\"async\" src=\"https:\/\/diyps.catolica.edu.sv\/investiga\/wp-content\/uploads\/2023\/10\/UNICAES_Logo2.png\" style=\"width: 290px; margin: 30px 50px;\" \/><\/a>\r\n                    <\/div>\r\n                    <div class=\"navbarContainer\">\r\n                        <ul class=\"navbar\">\r\n                            <li><a href=\"https:\/\/diyps.catolica.edu.sv\/investiga\/nosotros\/\">Nosotros<\/a><\/li>\r\n                            <li>\r\n                            <a href=\"https:\/\/diyps.catolica.edu.sv\/investiga\/investigacion\/\">Investigaci\u00f3n<\/a>\r\n                                <ul class=\"submenu\">\r\n                                            <li><a href=\"https:\/\/diyps.catolica.edu.sv\/investiga\/areas-de-los-docentes-investigadores\/\">Docentes investigadores<\/a><\/li>\r\n                                            <li><a href=\"https:\/\/diyps.catolica.edu.sv\/investiga\/facultades\/\">Facultades<\/a><\/li>\r\n                                            <li><a href=\"https:\/\/diyps.catolica.edu.sv\/investiga\/sello-editorial\/\">Editorial<\/a><\/li>\r\n                                <\/ul>\r\n                            <\/li>\r\n                            <li>\r\n                                <a href=\"https:\/\/diyps.catolica.edu.sv\/investiga\/proyeccion-social\/\">Proyecci\u00f3n Social<\/a>\r\n                                <ul class=\"submenu\">\r\n                                    <li><a href=\"https:\/\/diyps.catolica.edu.sv\/investiga\/modalidades\/\">Modalidades<\/a><\/li>\r\n                                    <li><a href=\"https:\/\/diyps.catolica.edu.sv\/investiga\/un-compromiso-con-la-sociedad\/\">Proyectos<\/a><\/li>\r\n                                <\/ul>\r\n                            <\/li>\r\n                            <li><a href=\"https:\/\/diyps.catolica.edu.sv\/investiga\/contacto\/\">Contacto<\/a><\/li>\r\n                        <\/ul>\r\n                    <\/div>\r\n                <\/div>\r\n            <\/section>\r\n            <section class=\"justify-content-center\">\r\n                <div class=\"container d-flex align-items-center\">\r\n                    <div class=\"container text-center w-25\">\r\n                        <img decoding=\"async\" src=\"https:\/\/diyps.catolica.edu.sv\/investiga\/wp-content\/uploads\/2024\/01\/SESSION-3-scaled-e1704988596938.jpg\" class=\"w-100\">\r\n                        <div class=\"container w-100\" style=\"text-align: justify; background-color: #9d2721; color:white; font-size: 9pt; padding: 9px 9px 1px 9px;\">\r\n                            <p>MSc. Wendy V. Canizales de Cardona\r\n                            <br>Coordinadora Unidad de Investigaci\u00f3n y Proyecci\u00f3n Social, UNICAES<\/p>\r\n                        <\/div>\r\n                    <\/div>\r\n                    <div class=\"container align-items-center justify-content-center flex-grow-1 ms-3 w-75\">\r\n                        <div class=\"fw-bold\">\r\n                            <h1 style=\"font-size:40pt; font-family: 'Montserrat ExtraBold', Sans-Serif; color:#9d2721;\">NOSOTROS<\/h1>\r\n                        <\/div>\r\n                        <div class=\"w-100\">\r\n                            <p style=\"font-size: 13pt; text-align: justify;\">Muchas veces tenemos la concepci\u00f3n que investigar es una tarea aislada, realizada \u00fanicamente por eruditos en una determinada materia o ciencia. Pero, realmente, esta es una actividad simple y com\u00fan que todos - si somos observadores y curiosos \u2013 podemos hacer en la vida cotidiana; empezando por plantearnos preguntas sencillas: \u00bfpor qu\u00e9?, \u00bfpara qu\u00e9?, \u00bfqui\u00e9n?, \u00bfd\u00f3nde?, \u00bfc\u00f3mo?, y \u00bfcu\u00e1ndo?<br><br>Para nosotros, como Universidad Cat\u00f3lica de El Salvador, la actividad investigativa se resume en la frase de Albert Szent-Gy\u00f6rgyi: \u201cInvestigar es ver lo que todo el mundo ha visto, y pensar lo que nadie m\u00e1s ha pensado\u201d. Es decir, no solo buscamos dar respuestas a interrogantes, sino tambi\u00e9n, proponer soluciones viables, asequibles y humanas a las situaciones que plantean esas interrogantes. <br><br>De ah\u00ed que, la Unidad de Investigaci\u00f3n y Proyecci\u00f3n Social, desde su fundaci\u00f3n en 1997, impulsa, fomenta y coordina de manera permanente, a trav\u00e9s de l\u00edneas de investigaci\u00f3n y modalidades de proyectos de intervenci\u00f3n, una amplia gama de actividades acad\u00e9micas y t\u00e9cnicas en pro del incremento del conocimiento y el fomento de la importancia de la dignidad humana. Todo esto es evidente dentro del trabajo investigativo y de proyecci\u00f3n social que se realiza desde nuestras Facultades y Escuelas.<br><br>Asimismo, nada de esto ser\u00eda posible si no cont\u00e1ramos con aliados estrat\u00e9gicos, tanto nacionales como internacionales, con quienes podemos trabajar de la mano para robustecer a\u00fan nuestra misi\u00f3n de \u201ccontribuir a la tutela y desarrollo de la dignidad humana y de la sociedad, mediante la investigaci\u00f3n, docencia y la proyecci\u00f3n social\u201d.\r\n                            <\/p>\r\n                        <\/div>\r\n                    <\/div>\r\n                <\/div>\r\n            <\/section>\r\n            <section class=\"justify-content-center\">\r\n                <div class=\"container w-100 p-200\">\r\n                    <h1 class=\"fw-bold text-center display-4\" style=\"font-family: 'Montserrat ExtraBold', Sans-Serif; color: #9d2721;\">EQUIPO DE INVESTIGACI\u00d3N<br>Y PROYECCI\u00d3N SOCIAL<\/h1>\r\n                <\/div>\r\n                <div class=\"container d-flex text-center align-items-center justify-content-center\">\r\n                    <div class=\"Ponente shadow-lg p-3 mb-5 bg-body-tertiary rounded ms-5 me-5\">\r\n                            <div class=\"pt-4\">   \r\n                                <p class=\"lh-1 text-secondary\">Responsable de Investigaci\u00f3n<\/p>\r\n                                <h3 class=\"fw-bold\">MSc. Sof\u00eda Mor\u00e1n<\/h3>\r\n                                <p>investigacion@catolica.edu.sv<\/p>\r\n                            <\/div>\r\n                    <\/div>\r\n                    <div class=\"Ponente shadow-lg p-3 mb-5 bg-body-tertiary rounded ms-5 me-5\">\r\n                            <div class=\"pt-4\">   \r\n                                <p class=\"lh-1 text-secondary\">Responsable de Proyecci\u00f3n Social<\/p>\r\n                                <h3 class=\"fw-bold\">MSc. Lizzie N\u00e1jera<\/h3>\r\n                                <p>proyeccionsocial@catolica.edu.sv<\/p>\r\n                            <\/div>\r\n                    <\/div>\r\n                <\/div>\r\n            <\/section>\r\n        <\/section>\r\n        <section style=\"font-family: 'Montserrat', sans-serif\">\r\n            <div class=\"d-flex p-1\" style=\"font-size: 11.4pt; background-color:#971C1F;\">\r\n                <div class=\"p-2\">\r\n                    <a style=\"color: white;\" href=\"https:\/\/catolica.edu.sv\/\" target=\"_blank\" rel=\"noopener\">UNICAES<\/a>\r\n                <\/div>\r\n                <div class=\"p-2\">\r\n                    <a style=\"color: white;\" href=\"https:\/\/diyps.catolica.edu.sv\/investiga\/politica-privacidad\/\" target=\"_blank\" rel=\"noopener\">Pol\u00edticas<\/a>\r\n                <\/div>\r\n                <div class=\"p-2\">\r\n                    <a style=\"color: white;\" href=\"https:\/\/bibliotecaunicaes.catolica.edu.sv\/\" target=\"_blank\" rel=\"noopener\">Biblioteca Miguel de Cervantes<\/a>\r\n                <\/div>\r\n            <\/div>\r\n        <\/section>\r\n        <script src=\"https:\/\/cdn.jsdelivr.net\/npm\/bootstrap@5.3.2\/dist\/js\/bootstrap.bundle.min.js\" integrity=\"sha384-C6RzsynM9kWDrMNeT87bh95OGNyZPhcTNXj1NW7RuBCsyN\/o0jlpcV8Qyq46cDfL\" crossorigin=\"anonymous\"><\/script>\r\n        <script src=\"https:\/\/cdn.jsdelivr.net\/npm\/@popperjs\/core@2.11.8\/dist\/umd\/popper.min.js\" integrity=\"sha384-I7E8VVD\/ismYTF4hNIPjVp\/Zjvgyol6VFvRkX\/vR+Vc4jQkC+hVqc2pM8ODewa9r\" crossorigin=\"anonymous\"><\/script>\r\n        <script src=\"https:\/\/cdn.jsdelivr.net\/npm\/bootstrap@5.3.2\/dist\/js\/bootstrap.min.js\" integrity=\"sha384-BBtl+eGJRgqQAUMxJ7pMwbEyER4l1g+O15P+16Ep7Q9Q+zqX6gSbd85u4mG4QzX+\" crossorigin=\"anonymous\"><\/script>\r\n    <\/body>\r\n<\/html>\t\t<\/div>\n\t\t\t\t<\/div>\n\t\t\t\t<\/div>\n\t\t\t\t\t\t\t<\/div>\n\t\t","protected":false},"excerpt":{"rendered":"<p>Nosotros Investigaci\u00f3n Docentes investigadores Facultades Editorial Proyecci\u00f3n Social Modalidades Proyectos Contacto MSc. Wendy V. Canizales de Cardona Coordinadora Unidad de Investigaci\u00f3n y Proyecci\u00f3n Social, UNICAES NOSOTROS Muchas veces tenemos la concepci\u00f3n que investigar es una tarea aislada, realizada \u00fanicamente por eruditos en una determinada materia o ciencia. Pero, realmente, esta es una actividad simple y [&hellip;]<\/p>\n","protected":false},"author":2,"featured_media":0,"parent":0,"menu_order":0,"comment_status":"closed","ping_status":"closed","template":"elementor_canvas","meta":{"footnotes":""},"class_list":["post-2","page","type-page","status-publish","hentry"],"_links":{"self":[{"href":"https:\/\/diyps.catolica.edu.sv\/investiga\/wp-json\/wp\/v2\/pages\/2","targetHints":{"allow":["GET"]}}],"collection":[{"href":"https:\/\/diyps.catolica.edu.sv\/investiga\/wp-json\/wp\/v2\/pages"}],"about":[{"href":"https:\/\/diyps.catolica.edu.sv\/investiga\/wp-json\/wp\/v2\/types\/page"}],"author":[{"embeddable":true,"href":"https:\/\/diyps.catolica.edu.sv\/investiga\/wp-json\/wp\/v2\/users\/2"}],"replies":[{"embeddable":true,"href":"https:\/\/diyps.catolica.edu.sv\/investiga\/wp-json\/wp\/v2\/comments?post=2"}],"version-history":[{"count":311,"href":"https:\/\/diyps.catolica.edu.sv\/investiga\/wp-json\/wp\/v2\/pages\/2\/revisions"}],"predecessor-version":[{"id":3770,"href":"https:\/\/diyps.catolica.edu.sv\/investiga\/wp-json\/wp\/v2\/pages\/2\/revisions\/3770"}],"wp:attachment":[{"href":"https:\/\/diyps.catolica.edu.sv\/investiga\/wp-json\/wp\/v2\/media?parent=2"}],"curies":[{"name":"wp","href":"https:\/\/api.w.org\/{rel}","templated":true}]}}