{"id":1934,"date":"2024-01-17T05:24:26","date_gmt":"2024-01-17T04:24:26","guid":{"rendered":"https:\/\/diyps.catolica.edu.sv\/investiga\/?page_id=1934"},"modified":"2024-04-12T07:55:28","modified_gmt":"2024-04-12T05:55:28","slug":"investigacion","status":"publish","type":"page","link":"https:\/\/diyps.catolica.edu.sv\/investiga\/investigacion\/","title":{"rendered":"Investigaci\u00f3n"},"content":{"rendered":"\t\t<div data-elementor-type=\"wp-page\" data-elementor-id=\"1934\" class=\"elementor elementor-1934\">\n\t\t\t\t\t\t\t<div class=\"elementor-element elementor-element-1787d28 e-con-full e-flex e-con e-parent\" data-id=\"1787d28\" data-element_type=\"container\" data-settings=\"{&quot;content_width&quot;:&quot;full&quot;}\" data-core-v316-plus=\"true\">\n\t\t\t\t<div class=\"elementor-element elementor-element-4168393 elementor-widget elementor-widget-html\" data-id=\"4168393\" data-element_type=\"widget\" data-widget_type=\"html.default\">\n\t\t\t\t<div class=\"elementor-widget-container\">\n\t\t\t<!DOCTYPE html>\n<html lang=\"es\">\n    <head>\n        <meta charset=\"utf-8\">\n        <meta name=\"viewport\" content=\"width=device-width, initial-scale=1\">\n        <link href=\"https:\/\/cdn.jsdelivr.net\/npm\/bootstrap@5.3.2\/dist\/css\/bootstrap.min.css\" rel=\"stylesheet\" integrity=\"sha384-T3c6CoIi6uLrA9TneNEoa7RxnatzjcDSCmG1MXxSR1GAsXEV\/Dwwykc2MPK8M2HN\" crossorigin=\"anonymous\">\n        <link rel=\"preconnect\" href=\"https:\/\/fonts.googleapis.com\">\n        <link rel=\"preconnect\" href=\"https:\/\/fonts.gstatic.com\" crossorigin>\n        <style>\n        header {\n        background-color: #fff;\n        color: #000;\n        }\n\n        ul.navbar {\n        list-style-type: none;\n        margin: 0;\n        padding: 0;\n        display: flex;\n        }\n\n        ul.navbar li {\n        margin: 0;\n        padding: 0;\n        }\n        ul.navbar li a {\n        display: block;\n        padding: 20px 20px;\n        text-decoration: none;\n        color: #fff;\n        transition: background-color 0.3s, color 0.3s;\n        }\n\n        ul.navbar li a:hover {\n        background-color: transparent;\n        color: #981c1f;\n        }\n\n        ul.submenu {\n        display: none;\n        background-color: #981c1f;\n        position: absolute;\n        list-style: none;\n        margin: 0;\n        padding: 0;\n        }\n\n        ul.navbar li:hover ul.submenu {\n        display: block;\n        }\n        ul.submenu li {\n        margin: 0;\n        padding: 0;\n        }\n\n        ul.submenu li a {\n        padding: 10px 20px;\n        display: block;\n        color: #fff;\n        text-decoration: none;\n          transition: background-color 0.3s, color 0.3s;\n        }\n        ul.submenu li a:hover {\n        background-color: #fff;\n        color: #9d2721;\n        }\n        .navbarContainer{\n        margin: 30px 0px;\n        margin-left: auto; \n        margin-right: 100px;\n        }\n        <\/style>\n    <\/head>\n    <body>\n        <section style=\"font-family: 'Montserrat', sans-serif;\">\n            <section>\n                <div class=\"d-flex\">\n                    <div> \n                        <a href=\"https:\/\/diyps.catolica.edu.sv\/investiga\/\"><img decoding=\"async\" src=\"https:\/\/diyps.catolica.edu.sv\/investiga\/wp-content\/uploads\/2023\/11\/UNICAES_Logo3.png\" style=\"width: 290px; margin: 30px 50px;\"><\/a>\n                    <\/div>\n                    <div class=\"navbarContainer\">\n                        <ul class=\"navbar\">\n                            <li><a href=\"https:\/\/diyps.catolica.edu.sv\/investiga\/nosotros\/\">Nosotros<\/a><\/li>\n                            <li>\n                            <a href=\"https:\/\/diyps.catolica.edu.sv\/investiga\/investigacion\/\">Investigaci\u00f3n<\/a>\n                                <ul class=\"submenu\">\n                                            <li><a href=\"https:\/\/diyps.catolica.edu.sv\/investiga\/areas-de-los-docentes-investigadores\/\">Docentes investigadores<\/a><\/li>\n                                            <li><a href=\"https:\/\/diyps.catolica.edu.sv\/investiga\/facultades\/\">Facultades<\/a><\/li>\n                                            <li><a href=\"https:\/\/diyps.catolica.edu.sv\/investiga\/sello-editorial\/\">Editorial<\/a><\/li>\n                                <\/ul>\n                            <\/li>\n                            <li>\n                                <a href=\"https:\/\/diyps.catolica.edu.sv\/investiga\/proyeccion-social\/\">Proyecci\u00f3n Social<\/a>\n                                <ul class=\"submenu\">\n                                <li><a href=\"https:\/\/diyps.catolica.edu.sv\/investiga\/modalidades\/\">Modalidades<\/a><\/li>\n                                <li><a href=\"https:\/\/diyps.catolica.edu.sv\/investiga\/un-compromiso-con-la-sociedad\/\">Proyectos<\/a><\/li>\n                                <\/ul>\n                            <\/li>\n                            <li><a href=\"https:\/\/diyps.catolica.edu.sv\/investiga\/contacto\/\">Contacto<\/a><\/li>\n                        <\/ul>\n                    <\/div>\n                <\/div>\n            <\/section>\n            <section>\n                <div class=\"text-light text-center ms-auto me-auto\" style=\"margin-top: 22%;\">\n                    <h1 class=\"display-4\" style=\"font-weight:bold; \">INVESTIGACI\u00d3N<\/h1>\n                    <p  style=\"text-align: justify; margin-left: 25%; margin-right: 25%;\">Como Instituci\u00f3n de Educaci\u00f3n Superior, la investigaci\u00f3n no solo se orienta hacia el descubrimiento de nuevos conocimientos y la aplicaci\u00f3n de los mismos a la realidad, sino tambi\u00e9n, al ejercicio de una acci\u00f3n innovadora, integral y comprometida con la sociedad; promoviendo y proponiedo una interacci\u00f3n armoniosa entre ciencia, tecnolog\u00eda y sociedad.<\/p>\n                <\/div>\n                <div class=\"d-flex justify-content-center p-3 ms-auto me-auto\" style=\"margin-bottom: 5%;\">\n                    <a type=button class=\"btn btn-outline-light rounded-pill\" style=\"padding: 10px 30px; margin: 0px 3% 0px 0px; width: 300px;\" href=\"https:\/\/diyps.catolica.edu.sv\/investiga\/investigadores\/\">Investigadores<\/a>\n                    <a type=button class=\"btn btn-outline-light rounded-pill\" style=\"padding: 10px 30px; margin: 0px 3% 0px 0px; width: 300px;\" href=\"https:\/\/diyps.catolica.edu.sv\/investiga\/sello-editorial\/\">Editorial<\/a>\n                <\/div>\n            <\/section>\n            <section>\n        <div class=\"d-flex p-1\" style=\"font-size: 11.4pt; background-color:#971C1F;\">\n            <div class=\"p-2\">\n                <a style=\"color: white;\" href=\"https:\/\/catolica.edu.sv\/\" target=\"_blank\" rel=\"noopener\">UNICAES<\/a>\n            <\/div>\n            <div class=\"p-2\">\n                <a style=\"color: white;\" href=\"https:\/\/diyps.catolica.edu.sv\/investiga\/politica-privacidad\/\" target=\"_blank\" rel=\"noopener\">Pol\u00edticas<\/a>\n            <\/div>\n            <div class=\"p-2\">\n                <a style=\"color: white;\" href=\"https:\/\/bibliotecaunicaes.catolica.edu.sv\/\" target=\"_blank\" rel=\"noopener\">Biblioteca Miguel de Cervantes<\/a>\n            <\/div>\n        <\/div>\n    <\/section>\n        <\/section>\n    <script src=\"https:\/\/cdn.jsdelivr.net\/npm\/bootstrap@5.3.2\/dist\/js\/bootstrap.bundle.min.js\" integrity=\"sha384-C6RzsynM9kWDrMNeT87bh95OGNyZPhcTNXj1NW7RuBCsyN\/o0jlpcV8Qyq46cDfL\" crossorigin=\"anonymous\"><\/script>\n    <\/body>\n<\/html>\t\t<\/div>\n\t\t\t\t<\/div>\n\t\t\t\t<\/div>\n\t\t\t\t\t\t\t<\/div>\n\t\t","protected":false},"excerpt":{"rendered":"<p>Nosotros Investigaci\u00f3n Docentes investigadores Facultades Editorial Proyecci\u00f3n Social Modalidades Proyectos Contacto INVESTIGACI\u00d3N Como Instituci\u00f3n de Educaci\u00f3n Superior, la investigaci\u00f3n no solo se orienta hacia el descubrimiento de nuevos conocimientos y la aplicaci\u00f3n de los mismos a la realidad, sino tambi\u00e9n, al ejercicio de una acci\u00f3n innovadora, integral y comprometida con la sociedad; promoviendo y proponiedo [&hellip;]<\/p>\n","protected":false},"author":2,"featured_media":0,"parent":0,"menu_order":0,"comment_status":"closed","ping_status":"closed","template":"elementor_canvas","meta":{"footnotes":""},"class_list":["post-1934","page","type-page","status-publish","hentry"],"_links":{"self":[{"href":"https:\/\/diyps.catolica.edu.sv\/investiga\/wp-json\/wp\/v2\/pages\/1934","targetHints":{"allow":["GET"]}}],"collection":[{"href":"https:\/\/diyps.catolica.edu.sv\/investiga\/wp-json\/wp\/v2\/pages"}],"about":[{"href":"https:\/\/diyps.catolica.edu.sv\/investiga\/wp-json\/wp\/v2\/types\/page"}],"author":[{"embeddable":true,"href":"https:\/\/diyps.catolica.edu.sv\/investiga\/wp-json\/wp\/v2\/users\/2"}],"replies":[{"embeddable":true,"href":"https:\/\/diyps.catolica.edu.sv\/investiga\/wp-json\/wp\/v2\/comments?post=1934"}],"version-history":[{"count":18,"href":"https:\/\/diyps.catolica.edu.sv\/investiga\/wp-json\/wp\/v2\/pages\/1934\/revisions"}],"predecessor-version":[{"id":3388,"href":"https:\/\/diyps.catolica.edu.sv\/investiga\/wp-json\/wp\/v2\/pages\/1934\/revisions\/3388"}],"wp:attachment":[{"href":"https:\/\/diyps.catolica.edu.sv\/investiga\/wp-json\/wp\/v2\/media?parent=1934"}],"curies":[{"name":"wp","href":"https:\/\/api.w.org\/{rel}","templated":true}]}}