{"id":1746,"date":"2023-12-22T06:43:39","date_gmt":"2023-12-22T05:43:39","guid":{"rendered":"https:\/\/diyps.catolica.edu.sv\/investiga\/?page_id=1746"},"modified":"2024-04-19T17:27:57","modified_gmt":"2024-04-19T15:27:57","slug":"un-compromiso-con-la-sociedad","status":"publish","type":"page","link":"https:\/\/diyps.catolica.edu.sv\/investiga\/un-compromiso-con-la-sociedad\/","title":{"rendered":"Proyectos"},"content":{"rendered":"\t\t<div data-elementor-type=\"wp-page\" data-elementor-id=\"1746\" class=\"elementor elementor-1746\">\n\t\t\t\t\t\t\t<div class=\"elementor-element elementor-element-a6b608b e-con-full e-flex e-con e-parent\" data-id=\"a6b608b\" data-element_type=\"container\" data-settings=\"{&quot;content_width&quot;:&quot;full&quot;,&quot;background_background&quot;:&quot;classic&quot;}\" data-core-v316-plus=\"true\">\n\t\t\t\t<div class=\"elementor-element elementor-element-8fe8ba9 elementor-widget elementor-widget-html\" data-id=\"8fe8ba9\" data-element_type=\"widget\" data-widget_type=\"html.default\">\n\t\t\t\t<div class=\"elementor-widget-container\">\n\t\t\t<!DOCTYPE html>\n<html lang=\"es\">\n    <head>\n        <meta charset=\"utf-8\">\n        <meta name=\"viewport\" content=\"width=device-width, initial-scale=1\">\n        <link href=\"https:\/\/cdn.jsdelivr.net\/npm\/bootstrap@5.3.2\/dist\/css\/bootstrap.min.css\" rel=\"stylesheet\" integrity=\"sha384-T3c6CoIi6uLrA9TneNEoa7RxnatzjcDSCmG1MXxSR1GAsXEV\/Dwwykc2MPK8M2HN\" crossorigin=\"anonymous\">\n        <link rel=\"preconnect\" href=\"https:\/\/fonts.googleapis.com\">\n        <link rel=\"preconnect\" href=\"https:\/\/fonts.gstatic.com\" crossorigin>\n        <style>\n        body {\n        font-family: 'Arial', sans-serif;\n        background-color: #fff;\n        margin: 0;\n        padding: 0;\n        }\n\n        header {\n        background-color: #fff;\n        color: #000;\n        }\n\n        ul.navbar {\n        list-style-type: none;\n        margin: 0;\n        padding: 0;\n        display: flex;\n        }\n\n        ul.navbar li {\n        margin: 0;\n        padding: 0;\n        }\n        ul.navbar li a {\n        display: block;\n        padding: 20px 20px;\n        text-decoration: none;\n        color: #fff;\n        transition: background-color 0.3s, color 0.3s;\n        }\n\n        ul.navbar li a:hover {\n        background-color: transparent;\n        color: #981c1f;\n        }\n\n        ul.submenu {\n        display: none;\n        background-color: #981c1f;\n        position: absolute;\n        list-style: none;\n        margin: 0;\n        padding: 0;\n        }\n\n        ul.navbar li:hover ul.submenu {\n        display: block;\n        }\n        ul.submenu li {\n        margin: 0;\n        padding: 0;\n        }\n\n        ul.submenu li a {\n        padding: 10px 20px;\n        display: block;\n        color: #fff;\n        text-decoration: none;\n          transition: background-color 0.3s, color 0.3s;\n        }\n        ul.submenu li a:hover {\n        background-color: #fff;\n        color: #9d2721;\n        }\n        .navbarContainer{\n        margin: 30px 0px;\n        margin-left: auto; \n        margin-right: 100px;\n        }\n        <\/style>\n    <\/head>\n    <body>\n        <section style=\"font-family: 'Montserrat', sans-serif;\">\n            <section class=\"mb-5\">\n                <div class=\"d-flex\">\n                    <div> \n                        <a href=\"https:\/\/diyps.catolica.edu.sv\/investiga\/\"><img decoding=\"async\" src=\"https:\/\/diyps.catolica.edu.sv\/investiga\/wp-content\/uploads\/2023\/11\/UNICAES_Logo3.png\" style=\"width: 290px; margin: 30px 50px;\"><\/a>\n                    <\/div>\n                    <div class=\"navbarContainer\">\n                        <ul class=\"navbar\">\n                            <li><a href=\"https:\/\/diyps.catolica.edu.sv\/investiga\/nosotros\/\">Nosotros<\/a><\/li>\n                            <li>\n                                <a href=\"https:\/\/diyps.catolica.edu.sv\/investiga\/investigacion\/\">Investigaci\u00f3n<\/a>\n                                <ul class=\"submenu\">\n                                            <li><a href=\"https:\/\/diyps.catolica.edu.sv\/investiga\/areas-de-los-docentes-investigadores\/\">Docentes investigadores<\/a><\/li>\n                                            <li><a href=\"https:\/\/diyps.catolica.edu.sv\/investiga\/facultades\/\">Facultades<\/a><\/li>\n                                            <li><a href=\"https:\/\/diyps.catolica.edu.sv\/investiga\/sello-editorial\/\">Editorial<\/a><\/li>\n                                <\/ul>\n                            <\/li>\n                            <li>\n                                <a href=\"https:\/\/diyps.catolica.edu.sv\/investiga\/proyeccion-social\/\">Proyecci\u00f3n Social<\/a>\n                                <ul class=\"submenu\">\n                                    <li><a href=\"https:\/\/diyps.catolica.edu.sv\/investiga\/modalidades\/\">Modalidades<\/a><\/li>\n                                    <li><a href=\"https:\/\/diyps.catolica.edu.sv\/investiga\/un-compromiso-con-la-sociedad\/\">Proyectos<\/a><\/li>\n                                <\/ul>\n                            <\/li>\n                            <li><a href=\"https:\/\/diyps.catolica.edu.sv\/investiga\/contacto\/\">Contacto<\/a><\/li>\n                        <\/ul>\n                    <\/div>\n                <\/div>\n                <div class=\"text-light text-center ms-auto me-auto\">\n                    <h1 class=\"display-5\" style=\"font-weight:bold; \">UN COMPROMISO CON LA SOCIEDAD<\/h1>\n                    <p  style=\"text-align: center; margin-left: 25%; margin-right: 25%;\">La proyecci\u00f3n social es una funci\u00f3n b\u00e1sica de la Universidad mediante la cual se transfieren y extienden\n                        servicios, conocimientos de la cultura y conocimientos generados por la investigaci\u00f3n y la docencia. La\n                        proyecci\u00f3n social ser\u00e1 realizada dentro o fuera de la Universidad, a trav\u00e9s de diferentes modalidades que\n                        faciliten poner en contacto a miembros de la comunidad universitaria con la realidad natural, social y\n                        cultural, incidiendo de esta forma en el desarrollo de la persona y de la sociedad.<\/p>\n                <\/div>\n            <\/section>\n            <section style=\"background-color: white;\">\n                <div class=\"container ps-5 pb-5 ms-5\">\n                    <h1 class=\"display-5 pt-5\" style=\"font-family: 'Montserrat ExtraBold', sans-serif; color: #971C1F;\">PROYECTOS PERMANENTES<\/h1>\n                <\/div>\n            <\/section>\n            <section class=\"justify-content-center\" style=\"background-color: white;\">\n                <div class=\"container d-flex align-items-center justify-content-center pb-5\">\n                    <div class=\"\">\n                        <img decoding=\"async\" src=\"https:\/\/diyps.catolica.edu.sv\/investiga\/wp-content\/uploads\/2023\/12\/img6.jpg\" style=\"width: 350px;\">\n                    <\/div>\n                    <div class=\"p-4 row align-items-center\" style=\"background-color: #ededed; width: 70%; height: 350px;\">\n                        <h2 style=\"font-family: 'Montserrat ExtraBold', sans-serif; font-size: 15pt;\">Oficina de Asesor\u00eda Legal Cat\u00f3lica (OFALCA)<\/h2>\n                        <p class=\"\" style=\"text-align: justify;\">Esta oficina ofrece asistencia legal para personas de escasos recursos\n                            econ\u00f3micos, en ello se involucran los docentes y alumnos que forman parte de\n                            la Escuela de Derecho de la universidad.<\/p>\n                        <p style=\"text-align: justify;\">\n                            Mediante convenio con la Corte Suprema de Justicia, en esta oficina los\n                            estudiantes que han aprobado el 70% de las asignaturas del plan de estudios,\n                            los egresados y los graduados pueden efectuar la pr\u00e1ctica jur\u00eddica exigida para\n                            la autorizaci\u00f3n del ejercicio de la abogac\u00eda. En esta oficina los estudiantes\n                            complementan la teor\u00eda expuesta en la c\u00e1tedra mediante la atenci\u00f3n de casos\n                            reales, cont\u00e1ndose para ella con la metodolog\u00eda de educaci\u00f3n cl\u00ednica, la cual es\n                            apoyada por DPK Consulting.\n                        <\/p>\n                    <\/div>\n                <\/div>\n                <div class=\"container d-flex align-items-start justify-content-lg-evenly pb-5\">\n                    <div class=\"p-4 row align-items-center ms-3\" style=\"background-color: #ededed; width: 70%; height: 350px;\">\n                        <h2 style=\"font-family: 'Montserrat ExtraBold', sans-serif; font-size: 15pt;\">Cl\u00ednica Universitaria<\/h2>\n                        <p class=\"\" style=\"text-align: justify;\">Brinda atenci\u00f3n m\u00e9dica y servicios de enfermer\u00eda, suministro de\n                            medicamentos y asistencia en salud; a empleados y estudiantes de la\n                            comunidad universitaria. En la Cl\u00ednica Universitaria se promueve la prevenci\u00f3n de accidentes, enfermedades, as\u00ed como la promoci\u00f3n de la salud. <\/p>\n                            <p style=\"text-align: justify;\">\n                         La cl\u00ednica ofrece servicios de salud b\u00e1sicos en caso de urgencias para evitar lesiones irreversibles y se brindan cuidados inmediatos mientras la persona llega a un hospital o a una unidad de salud.\n                    <\/div>\n                    <div class=\"\">\n                        <img decoding=\"async\" src=\"https:\/\/diyps.catolica.edu.sv\/investiga\/wp-content\/uploads\/2024\/04\/IMG_9274-scaled2.jpg\" style=\"width: 350px;\">\n                    <\/div>\n                <\/div>\n                \n                <div class=\"container d-flex align-items-center justify-content-center pb-5\">\n                    <div class=\"\">\n                        <img decoding=\"async\" src=\"https:\/\/diyps.catolica.edu.sv\/investiga\/wp-content\/uploads\/2023\/12\/img7.jpg\" style=\"width: 350px;\">\n                    <\/div>\n                    <div class=\"p-4 row align-items-center\" style=\"background-color: #ededed; width: 70%; height: 353px;\">\n                        <h2 style=\"font-family: 'Montserrat ExtraBold', sans-serif; font-size: 15pt;\">Centro de Desarrollo de Micro y Peque\u00f1as Empresas (CDMYPE)<\/h2>\n                        <p class=\"\" style=\"text-align: justify;\">Este Centro funciona gracias a la alianza entre el Ministerio de Econom\u00eda a\n                            trav\u00e9s de la Comisi\u00f3n Nacional de la Micro y Peque\u00f1a Empresa (CONAMYPE)\n                            y la Universidad Cat\u00f3lica de El Salvador (UNICAES). El CDMYPE UNICAES\n                            Santa Ana atiende empresas y personas emprendedoras de los municipios\n                            de Santa Ana y el Norte de Ahuachap\u00e1n.<\/p>\n                    <\/div>\n                <\/div>\n            <\/section>\n            <section>\n                <div class=\"d-flex p-1\" style=\"font-size: 11.4pt; background-color:#971C1F;\">\n                    <div class=\"p-2\">\n                        <a style=\"color: white;\" href=\"https:\/\/catolica.edu.sv\/\" target=\"_blank\" rel=\"noopener\">UNICAES<\/a>\n                    <\/div>\n                    <div class=\"p-2\">\n                        <a style=\"color: white;\" href=\"https:\/\/diyps.catolica.edu.sv\/investiga\/politica-privacidad\/\" target=\"_blank\" rel=\"noopener\">Pol\u00edticas<\/a>\n                    <\/div>\n                    <div class=\"p-2\">\n                        <a style=\"color: white;\" href=\"https:\/\/bibliotecaunicaes.catolica.edu.sv\/\" target=\"_blank\" rel=\"noopener\">Biblioteca Miguel de Cervantes<\/a>\n                    <\/div>\n                <\/div>\n            <\/section>\n        <\/section>\n        \n        \n    <script src=\"https:\/\/cdn.jsdelivr.net\/npm\/bootstrap@5.3.2\/dist\/js\/bootstrap.bundle.min.js\" integrity=\"sha384-C6RzsynM9kWDrMNeT87bh95OGNyZPhcTNXj1NW7RuBCsyN\/o0jlpcV8Qyq46cDfL\" crossorigin=\"anonymous\"><\/script>\n    <\/body>\n<\/html>\t\t<\/div>\n\t\t\t\t<\/div>\n\t\t\t\t<\/div>\n\t\t\t\t\t\t\t<\/div>\n\t\t","protected":false},"excerpt":{"rendered":"<p>Nosotros Investigaci\u00f3n Docentes investigadores Facultades Editorial Proyecci\u00f3n Social Modalidades Proyectos Contacto UN COMPROMISO CON LA SOCIEDAD La proyecci\u00f3n social es una funci\u00f3n b\u00e1sica de la Universidad mediante la cual se transfieren y extienden servicios, conocimientos de la cultura y conocimientos generados por la investigaci\u00f3n y la docencia. La proyecci\u00f3n social ser\u00e1 realizada dentro o fuera [&hellip;]<\/p>\n","protected":false},"author":2,"featured_media":0,"parent":0,"menu_order":0,"comment_status":"closed","ping_status":"closed","template":"elementor_canvas","meta":{"footnotes":""},"class_list":["post-1746","page","type-page","status-publish","hentry"],"_links":{"self":[{"href":"https:\/\/diyps.catolica.edu.sv\/investiga\/wp-json\/wp\/v2\/pages\/1746","targetHints":{"allow":["GET"]}}],"collection":[{"href":"https:\/\/diyps.catolica.edu.sv\/investiga\/wp-json\/wp\/v2\/pages"}],"about":[{"href":"https:\/\/diyps.catolica.edu.sv\/investiga\/wp-json\/wp\/v2\/types\/page"}],"author":[{"embeddable":true,"href":"https:\/\/diyps.catolica.edu.sv\/investiga\/wp-json\/wp\/v2\/users\/2"}],"replies":[{"embeddable":true,"href":"https:\/\/diyps.catolica.edu.sv\/investiga\/wp-json\/wp\/v2\/comments?post=1746"}],"version-history":[{"count":48,"href":"https:\/\/diyps.catolica.edu.sv\/investiga\/wp-json\/wp\/v2\/pages\/1746\/revisions"}],"predecessor-version":[{"id":3805,"href":"https:\/\/diyps.catolica.edu.sv\/investiga\/wp-json\/wp\/v2\/pages\/1746\/revisions\/3805"}],"wp:attachment":[{"href":"https:\/\/diyps.catolica.edu.sv\/investiga\/wp-json\/wp\/v2\/media?parent=1746"}],"curies":[{"name":"wp","href":"https:\/\/api.w.org\/{rel}","templated":true}]}}