{"id":1311,"date":"2023-11-29T05:58:15","date_gmt":"2023-11-29T04:58:15","guid":{"rendered":"https:\/\/diyps.catolica.edu.sv\/investiga\/?page_id=1311"},"modified":"2024-04-13T18:04:53","modified_gmt":"2024-04-13T16:04:53","slug":"produccion-agropecuaria-y-desarrollo-sostenible","status":"publish","type":"page","link":"https:\/\/diyps.catolica.edu.sv\/investiga\/produccion-agropecuaria-y-desarrollo-sostenible\/","title":{"rendered":"Producci\u00f3n Agropecuaria y Desarrollo Sostenible"},"content":{"rendered":"\t\t<div data-elementor-type=\"wp-page\" data-elementor-id=\"1311\" class=\"elementor elementor-1311\">\n\t\t\t\t\t\t\t<div class=\"elementor-element elementor-element-9502cad e-con-full e-flex e-con e-parent\" data-id=\"9502cad\" data-element_type=\"container\" data-settings=\"{&quot;content_width&quot;:&quot;full&quot;}\" data-core-v316-plus=\"true\">\n\t\t\t\t<div class=\"elementor-element elementor-element-9f12d13 elementor-widget elementor-widget-html\" data-id=\"9f12d13\" data-element_type=\"widget\" data-widget_type=\"html.default\">\n\t\t\t\t<div class=\"elementor-widget-container\">\n\t\t\t<!DOCTYPE html>\n<html lang=\"es\">\n    <head>\n        <meta charset=\"utf-8\">\n        <meta name=\"viewport\" content=\"width=device-width, initial-scale=1\">\n        <link rel=\"preconnect\" href=\"https:\/\/fonts.googleapis.com\">\n        <link rel=\"preconnect\" href=\"https:\/\/fonts.gstatic.com\" crossorigin>\n        <link href=\"https:\/\/cdn.jsdelivr.net\/npm\/bootstrap@5.3.2\/dist\/css\/bootstrap.min.css\" rel=\"stylesheet\" integrity=\"sha384-T3c6CoIi6uLrA9TneNEoa7RxnatzjcDSCmG1MXxSR1GAsXEV\/Dwwykc2MPK8M2HN\" crossorigin=\"anonymous\">\n        <style>\n        body {\n        font-family: 'Arial', sans-serif;\n        background-color: #fff;\n        margin: 0;\n        padding: 0;\n        }\n\n        header {\n        background-color: #fff;\n        color: #000;\n        }\n\n        ul.navbar {\n        list-style-type: none;\n        margin: 0;\n        padding: 0;\n        display: flex;\n        }\n\n        ul.navbar li {\n        margin: 0;\n        padding: 0;\n        }\n        ul.navbar li a {\n        display: block;\n        padding: 20px 20px;\n        text-decoration: none;\n        color: #fff;\n        transition: background-color 0.3s, color 0.3s;\n        }\n\n        ul.navbar li a:hover {\n        background-color: transparent;\n        color: #981c1f;\n        }\n\n        ul.submenu {\n        display: none;\n        background-color: #981c1f;\n        position: absolute;\n        list-style: none;\n        margin: 0;\n        padding: 0;\n        }\n\n        ul.navbar li:hover ul.submenu {\n        display: block;\n        }\n        ul.submenu li {\n        margin: 0;\n        padding: 0;\n        }\n\n        ul.submenu li a {\n        padding: 10px 20px;\n        display: block;\n        color: #fff;\n        text-decoration: none;\n          transition: background-color 0.3s, color 0.3s;\n        }\n        ul.submenu li a:hover {\n        background-color: #fff;\n        color: #9d2721;\n        }\n        .navbarContainer{\n        margin: 30px 0px;\n        margin-left: auto; \n        margin-right: 100px;\n        }\n        <\/style>\n    <\/head>\n    <body>\n        <section style=\"font-family: 'Montserrat', sans-serif;\">\n            <section>\n                <div class=\"d-flex\">\n                    <div> \n                        <a href=\"https:\/\/diyps.catolica.edu.sv\/investiga\/\"><img decoding=\"async\" src=\"https:\/\/diyps.catolica.edu.sv\/investiga\/wp-content\/uploads\/2023\/11\/UNICAES_Logo3.png\" style=\"width: 290px; margin: 30px 50px;\"><\/a>\n                    <\/div>\n                    <div class=\"navbarContainer\">\n                        <ul class=\"navbar\">\n                            <li><a href=\"https:\/\/diyps.catolica.edu.sv\/investiga\/nosotros\/\">Nosotros<\/a><\/li>\n                            <li>\n                                <a href=\"https:\/\/diyps.catolica.edu.sv\/investiga\/investigacion\/\">Investigaci\u00f3n<\/a>\n                                <ul class=\"submenu\">\n                                            <li><a href=\"https:\/\/diyps.catolica.edu.sv\/investiga\/areas-de-los-docentes-investigadores\/\">Docentes investigadores<\/a><\/li>\n                                            <li><a href=\"https:\/\/diyps.catolica.edu.sv\/investiga\/facultades\/\">Facultades<\/a><\/li>\n                                            <li><a href=\"https:\/\/diyps.catolica.edu.sv\/investiga\/sello-editorial\/\">Editorial<\/a><\/li>\n                                <\/ul>\n                            <\/li>\n                            <li>\n                                <a href=\"https:\/\/diyps.catolica.edu.sv\/investiga\/proyeccion-social\/\">Proyecci\u00f3n Social<\/a>\n                                <ul class=\"submenu\">\n                                    <li><a href=\"https:\/\/diyps.catolica.edu.sv\/investiga\/modalidades\/\">Modalidades<\/a><\/li>\n                                    <li><a href=\"https:\/\/diyps.catolica.edu.sv\/investiga\/un-compromiso-con-la-sociedad\/\">Proyectos<\/a><\/li>\n                                <\/ul>\n                            <\/li>\n                            <li><a href=\"https:\/\/diyps.catolica.edu.sv\/investiga\/contacto\/\">Contacto<\/a><\/li>\n                        <\/ul>\n                    <\/div>\n                <\/div>\n            <\/section>\n            <section>\n                <div class=\"container text-light text-center\" style=\"margin-top: 1%;\">\n                    <img decoding=\"async\" src=\"https:\/\/diyps.catolica.edu.sv\/investiga\/wp-content\/uploads\/2023\/11\/logo_PAYDS1.png\" style=\"width: 35%;\">\n                    <p class=\"text-secondary pt-3\" style=\"font-size:70%;\">e-ISSN 2518-8100 - ISSN 2305-1744\\ Indexada en Latindex y Lamjol<\/p>\n                    <p  style=\"margin-left: 10%; margin-right: 10%;\">Producci\u00f3n Agropecuaria y Desarrollo Sostenible es la revista institucional de la Unidad de Investigaci\u00f3n y Proyecci\u00f3n Social, bajo el sello de UNICAES EDITORES; esta se encuentra en sinton\u00eda con el plan institucional y visi\u00f3n de la Universidad Cat\u00f3lica de El Salvador.<\/p>\n                    <p  style=\"margin-left: 10%; margin-right: 10%;\">La revista nace en 2012 con una periodicidad anual.\n    <\/p>\n                    <p  class=\"\" style=\"margin-left: 25%; margin-right: 25%; font-size:85%;\"> Lineamientos para la publicaci\u00f3n de art\u00edculos<\/p>\n                <\/div>\n            <\/section>\n            <section>\n                <div class=\"container d-flex justify-content-center align-items-center  ms-auto me-auto\">\n                    <a href=\"https:\/\/diyps.catolica.edu.sv\/investiga\/wp-content\/uploads\/2024\/04\/LineamientosPAyDS2021-1.pdf\" target = \"_blank\" type=\"button\" class=\"btn btn-outline-light rounded-pill\" style=\"padding:10px 30px; width: 300px;\">Leer m\u00e1s<\/a>\n                <\/div>\n            <\/section>\n            <section>\n                <div class=\"container text-center justify-content-center align-items-center mt-5\">\n                    <h1 class=\"text-light display-5\" style=\"font-weight: bold; \">PUBLICACIONES<\/h1>\n                <\/div>\n            <\/section>\n            <section style=\"background-image: linear-gradient(transparent, white);\">\n                <div class=\"d-flex justify-content-center align-items-center p-5\" style=\"padding:0% 5%;\">\n                    <div class=\"container text-center p-2\" style=\"border-width: 1px; border-color:#000000; width:25%; margin: 0% 5%;\">\n                        <a href=\"\" target = \"_blank\"><img decoding=\"async\" src=\"https:\/\/diyps.catolica.edu.sv\/investiga\/wp-content\/uploads\/2023\/12\/PastaPAyDS2023-scaled.jpg\"><\/a>\n                        <h4 class=\"fw-bold mt-3\">2023-Vol 12<\/h4>\n                    <\/div>\n                    <div class=\"container text-center p-2\" style=\"border-width: 1px; border-color:#000000; width:25%; margin: 0% 5%;\">\n                        <a href=\"https:\/\/diyps.catolica.edu.sv\/investiga\/repositorio-produccion-agropecuaria-y-desarrollo-sostenible-2022\/\" target = \"_blank\"><img decoding=\"async\" src=\"https:\/\/diyps.catolica.edu.sv\/investiga\/wp-content\/uploads\/2024\/01\/Pasta-2022.jpg\"><\/a>\n                        <h4 class=\"fw-bold mt-3\">2022-Vol 11<\/h4>\n                    <\/div>\n                    <div class=\"container text-center p-2\" style=\"border-width: 1px; border-color:#000000; width:25%; margin: 0% 5%;\">\n                        <a href=\"https:\/\/diyps.catolica.edu.sv\/investiga\/repositorio-produccion-agropecuaria-y-desarrollo-sostenible-2021\/\" target = \"_blank\"><img decoding=\"async\" src=\"https:\/\/diyps.catolica.edu.sv\/investiga\/wp-content\/uploads\/2024\/01\/PortadaPayds2021.jpg\"><\/a>\n                        <h4 class=\"fw-bold mt-3\">2021-Vol 10<\/h4>\n                    <\/div>\n                <\/div>\n            <\/section>\n            <section style=\"background-color: white;\">\n                <div class=\"d-flex justify-content-start align-items-center p-5\" style=\"padding:0% 5%;\">\n                    <div class=\"container text-center p-2\" style=\"border-width: 1px; border-color:#000000; width:23%; margin: 0% 5%;\">\n                        <a href=\"https:\/\/diyps.catolica.edu.sv\/investiga\/repositorio-produccion-agropecuaria-y-desarrollo-sostenible-2020\/\" target = \"_blank\"><img decoding=\"async\" src=\"https:\/\/diyps.catolica.edu.sv\/investiga\/wp-content\/uploads\/2024\/04\/PortadaPayds2020-1.jpg\"><\/a>\n                        <h4 class=\"fw-bold mt-3\">2020-Vol 9<\/h4>\n                    <\/div>\n                    <div class=\"container text-center p-2\" style=\"border-width: 1px; border-color:#000000; width:23%; margin: 0% 5%;\">\n                        <a href=\"https:\/\/diyps.catolica.edu.sv\/investiga\/repositorio-produccion-agropecuaria-y-desarrollo-sostenible-2019\/\" target = \"_blank\"><img decoding=\"async\" src=\"https:\/\/diyps.catolica.edu.sv\/investiga\/wp-content\/uploads\/2024\/01\/Pasta-Vol-8-PAyDS.png\"><\/a>\n                        <h4 class=\"fw-bold mt-3\">2019-Vol 8<\/h4>\n                    <\/div>\n                <\/div>\n            <\/section>\n            <footer style=\"font-family: 'Montserrat', sans-serif;\">\n                <div class=\"d-flex p-1\" style=\"font-size: 11.4pt; background-color:#971C1F;\">\n                    <div class=\"p-2\">\n                        <a style=\"color: white;\" href=\"https:\/\/catolica.edu.sv\/\" target=\"_blank\" rel=\"noopener\">UNICAES<\/a>\n                    <\/div>\n                    <div class=\"p-2\">\n                        <a style=\"color: white;\" href=\"https:\/\/diyps.catolica.edu.sv\/investiga\/politica-privacidad\/\" target=\"_blank\" rel=\"noopener\">Pol\u00edticas<\/a>\n                    <\/div>\n                    <div class=\"p-2\">\n                        <a style=\"color: white;\" href=\"https:\/\/bibliotecaunicaes.catolica.edu.sv\/\" target=\"_blank\" rel=\"noopener\">Biblioteca Miguel de Cervantes<\/a>\n                    <\/div>\n                <\/div>\n            <\/footer>\n        <\/section>\n    <script src=\"https:\/\/cdn.jsdelivr.net\/npm\/bootstrap@5.3.2\/dist\/js\/bootstrap.bundle.min.js\" integrity=\"sha384-C6RzsynM9kWDrMNeT87bh95OGNyZPhcTNXj1NW7RuBCsyN\/o0jlpcV8Qyq46cDfL\" crossorigin=\"anonymous\"><\/script>\n    <\/body>\n<\/html>\t\t<\/div>\n\t\t\t\t<\/div>\n\t\t\t\t<\/div>\n\t\t\t\t\t\t\t<\/div>\n\t\t","protected":false},"excerpt":{"rendered":"<p>Nosotros Investigaci\u00f3n Docentes investigadores Facultades Editorial Proyecci\u00f3n Social Modalidades Proyectos Contacto e-ISSN 2518-8100 &#8211; ISSN 2305-1744 Indexada en Latindex y Lamjol Producci\u00f3n Agropecuaria y Desarrollo Sostenible es la revista institucional de la Unidad de Investigaci\u00f3n y Proyecci\u00f3n Social, bajo el sello de UNICAES EDITORES; esta se encuentra en sinton\u00eda con el plan institucional y visi\u00f3n [&hellip;]<\/p>\n","protected":false},"author":2,"featured_media":0,"parent":0,"menu_order":0,"comment_status":"closed","ping_status":"closed","template":"elementor_canvas","meta":{"footnotes":""},"class_list":["post-1311","page","type-page","status-publish","hentry"],"_links":{"self":[{"href":"https:\/\/diyps.catolica.edu.sv\/investiga\/wp-json\/wp\/v2\/pages\/1311","targetHints":{"allow":["GET"]}}],"collection":[{"href":"https:\/\/diyps.catolica.edu.sv\/investiga\/wp-json\/wp\/v2\/pages"}],"about":[{"href":"https:\/\/diyps.catolica.edu.sv\/investiga\/wp-json\/wp\/v2\/types\/page"}],"author":[{"embeddable":true,"href":"https:\/\/diyps.catolica.edu.sv\/investiga\/wp-json\/wp\/v2\/users\/2"}],"replies":[{"embeddable":true,"href":"https:\/\/diyps.catolica.edu.sv\/investiga\/wp-json\/wp\/v2\/comments?post=1311"}],"version-history":[{"count":66,"href":"https:\/\/diyps.catolica.edu.sv\/investiga\/wp-json\/wp\/v2\/pages\/1311\/revisions"}],"predecessor-version":[{"id":3561,"href":"https:\/\/diyps.catolica.edu.sv\/investiga\/wp-json\/wp\/v2\/pages\/1311\/revisions\/3561"}],"wp:attachment":[{"href":"https:\/\/diyps.catolica.edu.sv\/investiga\/wp-json\/wp\/v2\/media?parent=1311"}],"curies":[{"name":"wp","href":"https:\/\/api.w.org\/{rel}","templated":true}]}}