{"id":1282,"date":"2023-11-29T05:17:06","date_gmt":"2023-11-29T04:17:06","guid":{"rendered":"https:\/\/diyps.catolica.edu.sv\/investiga\/?page_id=1282"},"modified":"2024-04-12T08:19:10","modified_gmt":"2024-04-12T06:19:10","slug":"sello-editorial","status":"publish","type":"page","link":"https:\/\/diyps.catolica.edu.sv\/investiga\/sello-editorial\/","title":{"rendered":"Sello Editorial"},"content":{"rendered":"\t\t<div data-elementor-type=\"wp-page\" data-elementor-id=\"1282\" class=\"elementor elementor-1282\">\n\t\t\t\t\t\t\t<div class=\"elementor-element elementor-element-dac6e87 e-con-full e-flex e-con e-parent\" data-id=\"dac6e87\" data-element_type=\"container\" data-settings=\"{&quot;content_width&quot;:&quot;full&quot;}\" data-core-v316-plus=\"true\">\n\t\t\t\t<div class=\"elementor-element elementor-element-ef3d54b elementor-widget elementor-widget-html\" data-id=\"ef3d54b\" data-element_type=\"widget\" data-widget_type=\"html.default\">\n\t\t\t\t<div class=\"elementor-widget-container\">\n\t\t\t<!DOCTYPE html>\n<html lang=\"es\">\n    <head>\n        <meta charset=\"UTF-8\">\n        <meta name=\"viewport\" content=\"width=device-width, initial-scale=1\">\n        <link href=\"https:\/\/cdn.jsdelivr.net\/npm\/bootstrap@5.3.2\/dist\/css\/bootstrap.min.css\" rel=\"stylesheet\" integrity=\"sha384-T3c6CoIi6uLrA9TneNEoa7RxnatzjcDSCmG1MXxSR1GAsXEV\/Dwwykc2MPK8M2HN\" crossorigin=\"anonymous\">\n        <link rel=\"preconnect\" href=\"https:\/\/fonts.googleapis.com\">\n        <link rel=\"preconnect\" href=\"https:\/\/fonts.gstatic.com\" crossorigin>\n        <style>\n            body{\n                font-family: 'Montserrat', sans-serif;\n            }\n            header {\n            background-color: #fff;\n            color: #000;\n            }\n    \n            ul.navbar {\n            list-style-type: none;\n            margin: 0;\n            padding: 0;\n            display: flex;\n            }\n    \n            ul.navbar li {\n            margin: 0;\n            padding: 0;\n            }\n            ul.navbar li a {\n            display: block;\n            padding: 20px 20px;\n            text-decoration: none;\n            color: #fff;\n            transition: background-color 0.3s, color 0.3s;\n            }\n    \n            ul.navbar li a:hover {\n            background-color: transparent;\n            color: #981c1f;\n            }\n    \n            ul.submenu {\n            display: none;\n            background-color: #981c1f;\n            position: absolute;\n            list-style: none;\n            margin: 0;\n            padding: 0;\n            }\n    \n            ul.navbar li:hover ul.submenu {\n            display: block;\n            }\n            ul.submenu li {\n            margin: 0;\n            padding: 0;\n            }\n    \n            ul.submenu li a {\n            padding: 10px 20px;\n            display: block;\n            color: #fff;\n            text-decoration: none;\n              transition: background-color 0.3s, color 0.3s;\n            }\n            ul.submenu li a:hover {\n            background-color: #fff;\n            color: #9d2721;\n            }\n            .navbarContainer{\n            margin: 30px 0px;\n            margin-left: auto; \n            margin-right: 100px;\n            }\n        <\/style>\n    <\/head>\n    <body>\n        <section style=\"font-family: 'Montserrat', sans-serif;\">\n            <section>\n                <div class=\"d-flex\">\n                    <div> \n                        <a href=\"https:\/\/diyps.catolica.edu.sv\/investiga\/\"><img decoding=\"async\" src=\"https:\/\/diyps.catolica.edu.sv\/investiga\/wp-content\/uploads\/2023\/11\/UNICAES_Logo3.png\" style=\"width: 290px; margin: 30px 50px;\"><\/a>\n                    <\/div>\n                    <div class=\"navbarContainer\">\n                        <ul class=\"navbar\">\n                            <li><a href=\"https:\/\/diyps.catolica.edu.sv\/investiga\/nosotros\/\">Nosotros<\/a><\/li>\n                            <li>\n                                <a href=\"https:\/\/diyps.catolica.edu.sv\/investiga\/investigacion\/\">Investigaci\u00f3n<\/a>\n                                <ul class=\"submenu\">\n                                            <li><a href=\"https:\/\/diyps.catolica.edu.sv\/investiga\/areas-de-los-docentes-investigadores\/\">Docentes investigadores<\/a><\/li>\n                                            <li><a href=\"https:\/\/diyps.catolica.edu.sv\/investiga\/facultades\/\">Facultades<\/a><\/li>\n                                            <li><a href=\"https:\/\/diyps.catolica.edu.sv\/investiga\/sello-editorial\/\">Editorial<\/a><\/li>\n                                <\/ul>\n                            <\/li>\n                            <li>\n                                <a href=\"https:\/\/diyps.catolica.edu.sv\/investiga\/proyeccion-social\/\">Proyecci\u00f3n Social<\/a>\n                                <ul class=\"submenu\">\n                                    <li><a href=\"https:\/\/diyps.catolica.edu.sv\/investiga\/modalidades\/\">Modalidades<\/a><\/li>\n                                    <li><a href=\"https:\/\/diyps.catolica.edu.sv\/investiga\/un-compromiso-con-la-sociedad\/\">Proyectos<\/a><\/li>\n                                <\/ul>\n                            <\/li>\n                            <li><a href=\"https:\/\/diyps.catolica.edu.sv\/investiga\/contacto\/\">Contacto<\/a><\/li>\n                        <\/ul>\n                    <\/div>\n                <\/div>\n            <\/section>\n            <section>\n                <div class=\"container text-light text-center pb-5\" style=\"margin-top: 15%;\">\n                    <h1 class=\"text-light display-2\" style=\"font-weight: bold; \">SELLO EDITORIAL<\/h1>\n                    <p  style=\"margin-left: 10%; margin-right: 10%;\">La Unidad de Investigaci\u00f3n y Proyecci\u00f3n Social es la encargada de administrar el sello editorial UNICAES Editores. Bajo este sello, la Universidad protege la difusi\u00f3n y la divulgaci\u00f3n del conocimiento cient\u00edfico entre la sociedad acad\u00e9mica y el p\u00fablico en general.<\/p>\n                    <p  style=\"margin-left: 10%; margin-right: 10%;\">Hasta la fecha, posee cuatro revistas cient\u00edficas de publicaci\u00f3n anual, cada una con su respectivo ISSN; as\u00ed como la edici\u00f3n y producci\u00f3n de diversos libros de texto de autores internos y externos de la instituci\u00f3n, registrados con su propio ISBN.<\/p>\n                <\/div>\n            <\/section>\n            <section style=\"background-color: white;\">\n                <div class=\" d-flex align-items-end pt-5 pb-5\">\n                    <div class=\"container text-center ps-5 pe-5\">\n                        <a href=\"https:\/\/diyps.catolica.edu.sv\/investiga\/anuario-de-investigacion\/\" class=\"link-dark\"><img decoding=\"async\" src=\"https:\/\/diyps.catolica.edu.sv\/investiga\/wp-content\/uploads\/2023\/11\/logoAnuarioInve.jpg\" style=\"height:200px;\" class=\"pb-2\">\n                        <p class=\"fw-bold text-center\" style=\"font-size: 10pt;\">e-ISSN 2518-802X - ISSN 2227-4235<br>Indexado en Latindex<\/p><\/a>\n                    <\/div>\n                    <div class=\"container text-center ps-5 pe-5\" >\n                        <a href=\"https:\/\/diyps.catolica.edu.sv\/investiga\/conocimiento-educativo\/\" class=\"link-dark\"><img decoding=\"async\" src=\"https:\/\/diyps.catolica.edu.sv\/investiga\/wp-content\/uploads\/2023\/11\/logo_CE.jpg\" style=\"height:200px;\" class=\"pb-2\">\n                        <p class=\"fw-bold text-center\" style=\"font-size: 10pt;\">e-ISSN 2518-8208 - ISSN 2311-5513<br>Indexada en Latindex y Lamjol\n                        <\/p><\/a>\n                    <\/div>\n                    <div class=\"container text-center ps-5 pe-5\">\n                        <a href=\"https:\/\/diyps.catolica.edu.sv\/investiga\/produccion-agropecuaria-y-desarrollo-sostenible\/\" class=\"link-dark\"><img decoding=\"async\" src=\"https:\/\/diyps.catolica.edu.sv\/investiga\/wp-content\/uploads\/2023\/11\/logo_PAYDS.jpg\" style=\"height:200px;\" class=\"pb-2\">\n                        <p class=\"fw-bold text-center\" style=\"font-size: 10pt;\">e-ISSN 2518-8100 - ISSN 2305-1744<br>Indexada en Latindex y Lamjol<\/p><\/a>\n                    <\/div>\n                    <div class=\"container text-center ps-5 pe-5\" style=\"margin:1% 0%;\">\n                        <a href=\"https:\/\/diyps.catolica.edu.sv\/investiga\/empresa-y-sociedad\/\"><img decoding=\"async\" src=\"https:\/\/diyps.catolica.edu.sv\/investiga\/wp-content\/uploads\/2023\/11\/Logo_EYS.jpg\" style=\"height:150px;\" class=\"pb-2\">\n                       <p class=\"fw-bold text-center\" style=\"font-size: 10pt;color: black\"> ISSN 2663-1466<br><\/p><\/a>   \n                    <\/div>         \n                <\/div>\n            <\/section>\n            <footer style=\"font-family: 'Montserrat', sans-serif;\">\n                <div class=\"d-flex p-1\" style=\"font-size: 11.4pt; background-color:#971C1F;\">\n                    <div class=\"p-2\">\n                        <a style=\"color: white;\" href=\"https:\/\/catolica.edu.sv\/\" target=\"_blank\" rel=\"noopener\">UNICAES<\/a>\n                    <\/div>\n                    <div class=\"p-2\">\n                        <a style=\"color: white;\" href=\"https:\/\/diyps.catolica.edu.sv\/investiga\/politica-privacidad\/\" target=\"_blank\" rel=\"noopener\">Pol\u00edticas<\/a>\n                    <\/div>\n                    <div class=\"p-2\">\n                        <a style=\"color: white;\" href=\"https:\/\/bibliotecaunicaes.catolica.edu.sv\/\" target=\"_blank\" rel=\"noopener\">Biblioteca Miguel de Cervantes<\/a>\n                    <\/div>\n                <\/div>\n            <\/footer>\n        <\/section>\n    <script src=\"https:\/\/cdn.jsdelivr.net\/npm\/bootstrap@5.3.2\/dist\/js\/bootstrap.bundle.min.js\" integrity=\"sha384-C6RzsynM9kWDrMNeT87bh95OGNyZPhcTNXj1NW7RuBCsyN\/o0jlpcV8Qyq46cDfL\" crossorigin=\"anonymous\"><\/script>\n    <\/body>\n<\/html>\t\t<\/div>\n\t\t\t\t<\/div>\n\t\t\t\t<\/div>\n\t\t\t\t\t\t\t<\/div>\n\t\t","protected":false},"excerpt":{"rendered":"<p>Nosotros Investigaci\u00f3n Docentes investigadores Facultades Editorial Proyecci\u00f3n Social Modalidades Proyectos Contacto SELLO EDITORIAL La Unidad de Investigaci\u00f3n y Proyecci\u00f3n Social es la encargada de administrar el sello editorial UNICAES Editores. Bajo este sello, la Universidad protege la difusi\u00f3n y la divulgaci\u00f3n del conocimiento cient\u00edfico entre la sociedad acad\u00e9mica y el p\u00fablico en general. Hasta la [&hellip;]<\/p>\n","protected":false},"author":2,"featured_media":0,"parent":0,"menu_order":0,"comment_status":"closed","ping_status":"closed","template":"elementor_canvas","meta":{"footnotes":""},"class_list":["post-1282","page","type-page","status-publish","hentry"],"_links":{"self":[{"href":"https:\/\/diyps.catolica.edu.sv\/investiga\/wp-json\/wp\/v2\/pages\/1282","targetHints":{"allow":["GET"]}}],"collection":[{"href":"https:\/\/diyps.catolica.edu.sv\/investiga\/wp-json\/wp\/v2\/pages"}],"about":[{"href":"https:\/\/diyps.catolica.edu.sv\/investiga\/wp-json\/wp\/v2\/types\/page"}],"author":[{"embeddable":true,"href":"https:\/\/diyps.catolica.edu.sv\/investiga\/wp-json\/wp\/v2\/users\/2"}],"replies":[{"embeddable":true,"href":"https:\/\/diyps.catolica.edu.sv\/investiga\/wp-json\/wp\/v2\/comments?post=1282"}],"version-history":[{"count":45,"href":"https:\/\/diyps.catolica.edu.sv\/investiga\/wp-json\/wp\/v2\/pages\/1282\/revisions"}],"predecessor-version":[{"id":3469,"href":"https:\/\/diyps.catolica.edu.sv\/investiga\/wp-json\/wp\/v2\/pages\/1282\/revisions\/3469"}],"wp:attachment":[{"href":"https:\/\/diyps.catolica.edu.sv\/investiga\/wp-json\/wp\/v2\/media?parent=1282"}],"curies":[{"name":"wp","href":"https:\/\/api.w.org\/{rel}","templated":true}]}}